{"id":24002,"date":"2025-09-26T16:38:46","date_gmt":"2025-09-26T13:38:46","guid":{"rendered":"https:\/\/masterbase.com\/?page_id=24002"},"modified":"2025-10-06T13:18:35","modified_gmt":"2025-10-06T10:18:35","slug":"wizard-smartview-curso-2","status":"publish","type":"page","link":"https:\/\/masterbase.com\/ru\/mb\/academia\/cursos-disponibles\/wizard-smartview-curso-2\/","title":{"rendered":"\u041c\u0430\u0441\u0442\u0435\u0440 Smartview \u041a\u0443\u0440\u0441 2"},"content":{"rendered":"<div data-elementor-type=\"wp-page\" data-elementor-id=\"24002\" class=\"elementor elementor-24002\" data-elementor-post-type=\"page\">\n\t\t\t\t<div class=\"elementor-element elementor-element-43918b8 elementor-hidden-tablet elementor-hidden-mobile e-flex e-con-boxed e-con e-parent\" data-id=\"43918b8\" data-element_type=\"container\" data-e-type=\"container\" data-settings=\"{&quot;background_background&quot;:&quot;classic&quot;}\">\n\t\t\t\t\t<div class=\"e-con-inner\">\n\t\t<div class=\"elementor-element elementor-element-d9b47c0 e-con-full e-flex e-con e-child\" data-id=\"d9b47c0\" data-element_type=\"container\" data-e-type=\"container\">\n\t\t\t\t<div class=\"elementor-element elementor-element-3860094 elementor-widget elementor-widget-heading\" data-id=\"3860094\" data-element_type=\"widget\" data-e-type=\"widget\" data-widget_type=\"heading.default\">\n\t\t\t\t<div class=\"elementor-widget-container\">\n\t\t\t\t\t<h1 class=\"elementor-heading-title elementor-size-small\">\u041c\u0430\u0441\u0442\u0435\u0440 Smartview \u041a\u0443\u0440\u0441 2<\/h1>\t\t\t\t<\/div>\n\t\t\t\t<\/div>\n\t\t\t\t<div class=\"elementor-element elementor-element-6bf7a71 elementor-widget elementor-widget-text-editor\" data-id=\"6bf7a71\" data-element_type=\"widget\" data-e-type=\"widget\" data-widget_type=\"text-editor.default\">\n\t\t\t\t<div class=\"elementor-widget-container\">\n\t\t\t\t\t\t\t\t\t<div class=\"col-12 col-lg-8 d-flex justify-content-center order-sm-2 order-lg-1 align-items-start flex-column\"><div class=\"container\"><h2 class=\"titleText\">\u0418\u0437\u0443\u0447\u0438\u0442\u0435 \u043a\u0430\u0436\u0434\u044b\u0439 \u043d\u0430\u0432\u044b\u043a \u043c\u0430\u0441\u0442\u0435\u0440\u0430 SmartView Wizard \u0438 \u0441\u0442\u0430\u043d\u044c\u0442\u0435 \u044d\u043a\u0441\u043f\u0435\u0440\u0442\u043e\u043c \u0432 \u043f\u0443\u0431\u043b\u0438\u043a\u0430\u0446\u0438\u0438 \u043f\u0440\u0435\u0434\u0441\u0442\u0430\u0432\u043b\u0435\u043d\u0438\u0439.<\/h2><\/div><\/div>\t\t\t\t\t\t\t\t<\/div>\n\t\t\t\t<\/div>\n\t\t<div class=\"elementor-element elementor-element-7775024 e-flex e-con-boxed e-con e-child\" data-id=\"7775024\" data-element_type=\"container\" data-e-type=\"container\">\n\t\t\t\t\t<div class=\"e-con-inner\">\n\t\t\t\t<div class=\"elementor-element elementor-element-20952c7 elementor-mobile-align-center elementor-widget__width-initial elementor-align-center elementor-widget elementor-widget-button\" data-id=\"20952c7\" data-element_type=\"widget\" data-e-type=\"widget\" data-widget_type=\"button.default\">\n\t\t\t\t<div class=\"elementor-widget-container\">\n\t\t\t\t\t\t\t\t\t<div class=\"elementor-button-wrapper\">\n\t\t\t\t\t<a class=\"elementor-button elementor-button-link elementor-size-sm\" href=\"https:\/\/smartview.masterbase.com\/v1\/638df783b5d1e26b97c3960b\/\" target=\"_blank\">\n\t\t\t\t\t\t<span class=\"elementor-button-content-wrapper\">\n\t\t\t\t\t\t<span class=\"elementor-button-icon\">\n\t\t\t\t<svg aria-hidden=\"true\" class=\"e-font-icon-svg e-fas-angle-double-right\" viewbox=\"0 0 448 512\" xmlns=\"http:\/\/www.w3.org\/2000\/svg\"><path d=\"M224.3 273l-136 136c-9.4 9.4-24.6 9.4-33.9 0l-22.6-22.6c-9.4-9.4-9.4-24.6 0-33.9l96.4-96.4-96.4-96.4c-9.4-9.4-9.4-24.6 0-33.9L54.3 103c9.4-9.4 24.6-9.4 33.9 0l136 136c9.5 9.4 9.5 24.6.1 34zm192-34l-136-136c-9.4-9.4-24.6-9.4-33.9 0l-22.6 22.6c-9.4 9.4-9.4 24.6 0 33.9l96.4 96.4-96.4 96.4c-9.4 9.4-9.4 24.6 0 33.9l22.6 22.6c9.4 9.4 24.6 9.4 33.9 0l136-136c9.4-9.2 9.4-24.4 0-33.8z\"><\/path><\/svg>\t\t\t<\/span>\n\t\t\t\t\t\t\t\t\t<span class=\"elementor-button-text\">\u0410\u043a\u0442\u0438\u0432\u0438\u0440\u043e\u0432\u0430\u0442\u044c \u043a\u0443\u0440\u0441<\/span>\n\t\t\t\t\t<\/span>\n\t\t\t\t\t<\/a>\n\t\t\t\t<\/div>\n\t\t\t\t\t\t\t\t<\/div>\n\t\t\t\t<\/div>\n\t\t\t\t<div class=\"elementor-element elementor-element-15b8108 elementor-widget elementor-widget-image\" data-id=\"15b8108\" data-element_type=\"widget\" data-e-type=\"widget\" data-widget_type=\"image.default\">\n\t\t\t\t<div class=\"elementor-widget-container\">\n\t\t\t\t\t\t\t\t\t\t\t\t\t\t\t\t<a href=\"https:\/\/publicsmartview.masterbase.com\/v1\/65801916113594202d5b7ee6\/\" target=\"_blank\">\n\t\t\t\t\t\t\t<img fetchpriority=\"high\" decoding=\"async\" data-attachment-id=\"21266\" data-permalink=\"https:\/\/masterbase.com\/ru\/?attachment_id=21266\" data-orig-file=\"https:\/\/i0.wp.com\/masterbase.com\/wp-content\/uploads\/2025\/01\/play-01-comb3.png?fit=376%2C313&amp;ssl=1\" data-orig-size=\"376,313\" data-comments-opened=\"1\" data-image-meta=\"{&quot;aperture&quot;:&quot;0&quot;,&quot;credit&quot;:&quot;&quot;,&quot;camera&quot;:&quot;&quot;,&quot;caption&quot;:&quot;&quot;,&quot;created_timestamp&quot;:&quot;0&quot;,&quot;copyright&quot;:&quot;&quot;,&quot;focal_length&quot;:&quot;0&quot;,&quot;iso&quot;:&quot;0&quot;,&quot;shutter_speed&quot;:&quot;0&quot;,&quot;title&quot;:&quot;&quot;,&quot;orientation&quot;:&quot;0&quot;}\" data-image-title=\"Play Azul\" data-image-description=\"\" data-image-caption=\"\" data-medium-file=\"https:\/\/i0.wp.com\/masterbase.com\/wp-content\/uploads\/2025\/01\/play-01-comb3.png?fit=300%2C250&amp;ssl=1\" data-large-file=\"https:\/\/i0.wp.com\/masterbase.com\/wp-content\/uploads\/2025\/01\/play-01-comb3.png?fit=376%2C313&amp;ssl=1\" width=\"376\" height=\"313\" src=\"https:\/\/i0.wp.com\/masterbase.com\/wp-content\/uploads\/2025\/01\/play-01-comb3.png?fit=376%2C313&amp;ssl=1\" class=\"attachment-large size-large wp-image-21266\" alt=\"Play Blue\" srcset=\"https:\/\/i0.wp.com\/masterbase.com\/wp-content\/uploads\/2025\/01\/play-01-comb3.png?w=376&amp;ssl=1 376w, https:\/\/i0.wp.com\/masterbase.com\/wp-content\/uploads\/2025\/01\/play-01-comb3.png?resize=300%2C250&amp;ssl=1 300w, https:\/\/i0.wp.com\/masterbase.com\/wp-content\/uploads\/2025\/01\/play-01-comb3.png?resize=14%2C12&amp;ssl=1 14w\" sizes=\"(max-width: 376px) 100vw, 376px\" \/>\t\t\t\t\t\t\t\t<\/a>\n\t\t\t\t\t\t\t\t\t\t\t\t\t\t\t<\/div>\n\t\t\t\t<\/div>\n\t\t\t\t\t<\/div>\n\t\t\t\t<\/div>\n\t\t\t\t<\/div>\n\t\t<div class=\"elementor-element elementor-element-fcb9ed9 e-con-full e-flex e-con e-child\" data-id=\"fcb9ed9\" data-element_type=\"container\" data-e-type=\"container\">\n\t\t\t\t<div class=\"elementor-element elementor-element-b2f3c0b elementor-widget elementor-widget-image\" data-id=\"b2f3c0b\" data-element_type=\"widget\" data-e-type=\"widget\" data-widget_type=\"image.default\">\n\t\t\t\t<div class=\"elementor-widget-container\">\n\t\t\t\t\t\t\t\t\t\t\t\t\t\t\t<img decoding=\"async\" data-attachment-id=\"17659\" data-permalink=\"https:\/\/masterbase.com\/ru\/mb\/academia\/cursos-disponibles\/automata-azul\/\" data-orig-file=\"https:\/\/i0.wp.com\/masterbase.com\/wp-content\/uploads\/2024\/11\/automata-azul.png?fit=2000%2C1334&amp;ssl=1\" data-orig-size=\"2000,1334\" data-comments-opened=\"1\" data-image-meta=\"{&quot;aperture&quot;:&quot;0&quot;,&quot;credit&quot;:&quot;&quot;,&quot;camera&quot;:&quot;&quot;,&quot;caption&quot;:&quot;&quot;,&quot;created_timestamp&quot;:&quot;0&quot;,&quot;copyright&quot;:&quot;&quot;,&quot;focal_length&quot;:&quot;0&quot;,&quot;iso&quot;:&quot;0&quot;,&quot;shutter_speed&quot;:&quot;0&quot;,&quot;title&quot;:&quot;&quot;,&quot;orientation&quot;:&quot;0&quot;}\" data-image-title=\"Curso Descubre Automatizaci\u00f3n\" data-image-description=\"\" data-image-caption=\"\" data-medium-file=\"https:\/\/i0.wp.com\/masterbase.com\/wp-content\/uploads\/2024\/11\/automata-azul.png?fit=300%2C200&amp;ssl=1\" data-large-file=\"https:\/\/i0.wp.com\/masterbase.com\/wp-content\/uploads\/2024\/11\/automata-azul.png?fit=800%2C534&amp;ssl=1\" width=\"800\" height=\"534\" src=\"https:\/\/i0.wp.com\/masterbase.com\/wp-content\/uploads\/2024\/11\/automata-azul.png?fit=800%2C534&amp;ssl=1\" class=\"attachment-large size-large wp-image-17659\" alt=\"\u041a\u0443\u0440\u0441 &quot;\u0417\u043d\u0430\u043a\u043e\u043c\u0441\u0442\u0432\u043e \u0441 \u0430\u0432\u0442\u043e\u043c\u0430\u0442\u0438\u0437\u0430\u0446\u0438\u0435\u0439\" srcset=\"https:\/\/i0.wp.com\/masterbase.com\/wp-content\/uploads\/2024\/11\/automata-azul.png?w=2000&amp;ssl=1 2000w, https:\/\/i0.wp.com\/masterbase.com\/wp-content\/uploads\/2024\/11\/automata-azul.png?resize=300%2C200&amp;ssl=1 300w, https:\/\/i0.wp.com\/masterbase.com\/wp-content\/uploads\/2024\/11\/automata-azul.png?resize=1024%2C683&amp;ssl=1 1024w, https:\/\/i0.wp.com\/masterbase.com\/wp-content\/uploads\/2024\/11\/automata-azul.png?resize=768%2C512&amp;ssl=1 768w, https:\/\/i0.wp.com\/masterbase.com\/wp-content\/uploads\/2024\/11\/automata-azul.png?resize=1536%2C1025&amp;ssl=1 1536w, https:\/\/i0.wp.com\/masterbase.com\/wp-content\/uploads\/2024\/11\/automata-azul.png?resize=18%2C12&amp;ssl=1 18w, https:\/\/i0.wp.com\/masterbase.com\/wp-content\/uploads\/2024\/11\/automata-azul.png?w=1600&amp;ssl=1 1600w\" sizes=\"(max-width: 800px) 100vw, 800px\" \/>\t\t\t\t\t\t\t\t\t\t\t\t\t\t\t<\/div>\n\t\t\t\t<\/div>\n\t\t\t\t<\/div>\n\t\t\t\t\t<\/div>\n\t\t\t\t<\/div>\n\t\t\t\t<\/div>","protected":false},"excerpt":{"rendered":"","protected":false},"author":239642484,"featured_media":0,"parent":1842,"menu_order":0,"comment_status":"closed","ping_status":"closed","template":"","meta":{"_crdt_document":"","jetpack_post_was_ever_published":false,"footnotes":""},"class_list":["post-24002","page","type-page","status-publish","hentry"],"yoast_head":"<!-- This site is optimized with the Yoast SEO plugin v27.3 - https:\/\/yoast.com\/product\/yoast-seo-wordpress\/ -->\n<title>Wizard Smartview Curso 2 - MasterBase\u00ae<\/title>\n<meta name=\"robots\" content=\"index, follow, max-snippet:-1, max-image-preview:large, max-video-preview:-1\" \/>\n<link rel=\"canonical\" href=\"https:\/\/masterbase.com\/ru\/\u043c\u0431\/\u0430\u043a\u0430\u0434\u0435\u043c\u0438\u044f\/\u0434\u043e\u0441\u0442\u0443\u043f\u043d\u044b\u0435-\u043a\u0443\u0440\u0441\u044b\/wizard-smartview-curso-2\/\" \/>\n<meta property=\"og:locale\" content=\"ru_RU\" \/>\n<meta property=\"og:type\" content=\"article\" \/>\n<meta property=\"og:title\" content=\"Wizard Smartview Curso 2 - MasterBase\u00ae\" \/>\n<meta property=\"og:url\" content=\"https:\/\/masterbase.com\/ru\/\u043c\u0431\/\u0430\u043a\u0430\u0434\u0435\u043c\u0438\u044f\/\u0434\u043e\u0441\u0442\u0443\u043f\u043d\u044b\u0435-\u043a\u0443\u0440\u0441\u044b\/wizard-smartview-curso-2\/\" \/>\n<meta property=\"og:site_name\" content=\"MasterBase\u00ae\" \/>\n<meta property=\"article:modified_time\" content=\"2025-10-06T10:18:35+00:00\" \/>\n<meta name=\"twitter:card\" content=\"summary_large_image\" \/>\n<script type=\"application\/ld+json\" class=\"yoast-schema-graph\">{\"@context\":\"https:\\\/\\\/schema.org\",\"@graph\":[{\"@type\":\"WebPage\",\"@id\":\"https:\\\/\\\/masterbase.com\\\/ko\\\/mb\\\/%ec%95%84%ec%b9%b4%eb%8d%b0%eb%af%b8\\\/%ec%82%ac%ec%9a%a9-%ea%b0%80%eb%8a%a5%ed%95%9c-%ec%bd%94%ec%8a%a4\\\/wizard-smartview-curso-2\\\/\",\"url\":\"https:\\\/\\\/masterbase.com\\\/ko\\\/mb\\\/%ec%95%84%ec%b9%b4%eb%8d%b0%eb%af%b8\\\/%ec%82%ac%ec%9a%a9-%ea%b0%80%eb%8a%a5%ed%95%9c-%ec%bd%94%ec%8a%a4\\\/wizard-smartview-curso-2\\\/\",\"name\":\"Wizard Smartview Curso 2 - MasterBase\u00ae\",\"isPartOf\":{\"@id\":\"https:\\\/\\\/masterbase.com\\\/sl\\\/#website\"},\"datePublished\":\"2025-09-26T13:38:46+00:00\",\"dateModified\":\"2025-10-06T10:18:35+00:00\",\"breadcrumb\":{\"@id\":\"https:\\\/\\\/masterbase.com\\\/ko\\\/mb\\\/%ec%95%84%ec%b9%b4%eb%8d%b0%eb%af%b8\\\/%ec%82%ac%ec%9a%a9-%ea%b0%80%eb%8a%a5%ed%95%9c-%ec%bd%94%ec%8a%a4\\\/wizard-smartview-curso-2\\\/#breadcrumb\"},\"inLanguage\":\"ru-RU\",\"potentialAction\":[{\"@type\":\"ReadAction\",\"target\":[\"https:\\\/\\\/masterbase.com\\\/ko\\\/mb\\\/%ec%95%84%ec%b9%b4%eb%8d%b0%eb%af%b8\\\/%ec%82%ac%ec%9a%a9-%ea%b0%80%eb%8a%a5%ed%95%9c-%ec%bd%94%ec%8a%a4\\\/wizard-smartview-curso-2\\\/\"]}]},{\"@type\":\"BreadcrumbList\",\"@id\":\"https:\\\/\\\/masterbase.com\\\/ko\\\/mb\\\/%ec%95%84%ec%b9%b4%eb%8d%b0%eb%af%b8\\\/%ec%82%ac%ec%9a%a9-%ea%b0%80%eb%8a%a5%ed%95%9c-%ec%bd%94%ec%8a%a4\\\/wizard-smartview-curso-2\\\/#breadcrumb\",\"itemListElement\":[{\"@type\":\"ListItem\",\"position\":1,\"name\":\"Portada\",\"item\":\"https:\\\/\\\/masterbase.com\\\/lt\\\/\"},{\"@type\":\"ListItem\",\"position\":2,\"name\":\"MasterBase\u00ae Aut\u00f3matas que trabajan para ti\",\"item\":\"https:\\\/\\\/masterbase.com\\\/lt\\\/\"},{\"@type\":\"ListItem\",\"position\":3,\"name\":\"Academia MasterBase\",\"item\":\"https:\\\/\\\/masterbase.com\\\/lt\\\/mb\\\/akademija\\\/\"},{\"@type\":\"ListItem\",\"position\":4,\"name\":\"Cursos Disponibles MasterBase\",\"item\":\"https:\\\/\\\/masterbase.com\\\/uk\\\/%d0%bc%d0%b0%d0%b1%d1%83%d1%82%d1%8c\\\/%d0%b0%d0%ba%d0%b0%d0%b4%d0%b5%d0%bc%d1%96%d1%8f\\\/%d0%b4%d0%be%d1%81%d1%82%d1%83%d0%bf%d0%bd%d1%96-%d0%ba%d1%83%d1%80%d1%81%d0%b8\\\/\"},{\"@type\":\"ListItem\",\"position\":5,\"name\":\"Wizard Smartview Curso 2\"}]},{\"@type\":\"WebSite\",\"@id\":\"https:\\\/\\\/masterbase.com\\\/sl\\\/#website\",\"url\":\"https:\\\/\\\/masterbase.com\\\/sl\\\/\",\"name\":\"MasterBase\u00ae\",\"description\":\"Automatas that work for you\",\"publisher\":{\"@id\":\"https:\\\/\\\/masterbase.com\\\/sl\\\/#organization\"},\"potentialAction\":[{\"@type\":\"SearchAction\",\"target\":{\"@type\":\"EntryPoint\",\"urlTemplate\":\"https:\\\/\\\/masterbase.com\\\/sl\\\/?s={search_term_string}\"},\"query-input\":{\"@type\":\"PropertyValueSpecification\",\"valueRequired\":true,\"valueName\":\"search_term_string\"}}],\"inLanguage\":\"ru-RU\"},{\"@type\":\"Organization\",\"@id\":\"https:\\\/\\\/masterbase.com\\\/sl\\\/#organization\",\"name\":\"MasterBase\u00ae\",\"url\":\"https:\\\/\\\/masterbase.com\\\/sl\\\/\",\"logo\":{\"@type\":\"ImageObject\",\"inLanguage\":\"ru-RU\",\"@id\":\"https:\\\/\\\/masterbase.com\\\/sl\\\/#\\\/schema\\\/logo\\\/image\\\/\",\"url\":\"https:\\\/\\\/i0.wp.com\\\/masterbase.com\\\/wp-content\\\/uploads\\\/2023\\\/09\\\/BLANCO-Logo-Futuravix-ESP-202510.2.png?fit=500%2C500&ssl=1\",\"contentUrl\":\"https:\\\/\\\/i0.wp.com\\\/masterbase.com\\\/wp-content\\\/uploads\\\/2023\\\/09\\\/BLANCO-Logo-Futuravix-ESP-202510.2.png?fit=500%2C500&ssl=1\",\"width\":500,\"height\":500,\"caption\":\"MasterBase\u00ae\"},\"image\":{\"@id\":\"https:\\\/\\\/masterbase.com\\\/sl\\\/#\\\/schema\\\/logo\\\/image\\\/\"}}]}<\/script>\n<!-- \/ Yoast SEO plugin. -->","yoast_head_json":{"title":"Wizard Smartview Curso 2 - MasterBase\u00ae","robots":{"index":"index","follow":"follow","max-snippet":"max-snippet:-1","max-image-preview":"max-image-preview:large","max-video-preview":"max-video-preview:-1"},"canonical":"https:\/\/masterbase.com\/ru\/\u043c\u0431\/\u0430\u043a\u0430\u0434\u0435\u043c\u0438\u044f\/\u0434\u043e\u0441\u0442\u0443\u043f\u043d\u044b\u0435-\u043a\u0443\u0440\u0441\u044b\/wizard-smartview-curso-2\/","og_locale":"ru_RU","og_type":"article","og_title":"Wizard Smartview Curso 2 - MasterBase\u00ae","og_url":"https:\/\/masterbase.com\/ru\/\u043c\u0431\/\u0430\u043a\u0430\u0434\u0435\u043c\u0438\u044f\/\u0434\u043e\u0441\u0442\u0443\u043f\u043d\u044b\u0435-\u043a\u0443\u0440\u0441\u044b\/wizard-smartview-curso-2\/","og_site_name":"MasterBase\u00ae","article_modified_time":"2025-10-06T10:18:35+00:00","twitter_card":"summary_large_image","schema":{"@context":"https:\/\/schema.org","@graph":[{"@type":"WebPage","@id":"https:\/\/masterbase.com\/ko\/mb\/%ec%95%84%ec%b9%b4%eb%8d%b0%eb%af%b8\/%ec%82%ac%ec%9a%a9-%ea%b0%80%eb%8a%a5%ed%95%9c-%ec%bd%94%ec%8a%a4\/wizard-smartview-curso-2\/","url":"https:\/\/masterbase.com\/ko\/mb\/%ec%95%84%ec%b9%b4%eb%8d%b0%eb%af%b8\/%ec%82%ac%ec%9a%a9-%ea%b0%80%eb%8a%a5%ed%95%9c-%ec%bd%94%ec%8a%a4\/wizard-smartview-curso-2\/","name":"Wizard Smartview Curso 2 - MasterBase\u00ae","isPartOf":{"@id":"https:\/\/masterbase.com\/sl\/#website"},"datePublished":"2025-09-26T13:38:46+00:00","dateModified":"2025-10-06T10:18:35+00:00","breadcrumb":{"@id":"https:\/\/masterbase.com\/ko\/mb\/%ec%95%84%ec%b9%b4%eb%8d%b0%eb%af%b8\/%ec%82%ac%ec%9a%a9-%ea%b0%80%eb%8a%a5%ed%95%9c-%ec%bd%94%ec%8a%a4\/wizard-smartview-curso-2\/#breadcrumb"},"inLanguage":"ru-RU","potentialAction":[{"@type":"ReadAction","target":["https:\/\/masterbase.com\/ko\/mb\/%ec%95%84%ec%b9%b4%eb%8d%b0%eb%af%b8\/%ec%82%ac%ec%9a%a9-%ea%b0%80%eb%8a%a5%ed%95%9c-%ec%bd%94%ec%8a%a4\/wizard-smartview-curso-2\/"]}]},{"@type":"BreadcrumbList","@id":"https:\/\/masterbase.com\/ko\/mb\/%ec%95%84%ec%b9%b4%eb%8d%b0%eb%af%b8\/%ec%82%ac%ec%9a%a9-%ea%b0%80%eb%8a%a5%ed%95%9c-%ec%bd%94%ec%8a%a4\/wizard-smartview-curso-2\/#breadcrumb","itemListElement":[{"@type":"ListItem","position":1,"name":"Portada","item":"https:\/\/masterbase.com\/lt\/"},{"@type":"ListItem","position":2,"name":"MasterBase\u00ae Aut\u00f3matas que trabajan para ti","item":"https:\/\/masterbase.com\/lt\/"},{"@type":"ListItem","position":3,"name":"Academia MasterBase","item":"https:\/\/masterbase.com\/lt\/mb\/akademija\/"},{"@type":"ListItem","position":4,"name":"Cursos Disponibles MasterBase","item":"https:\/\/masterbase.com\/uk\/%d0%bc%d0%b0%d0%b1%d1%83%d1%82%d1%8c\/%d0%b0%d0%ba%d0%b0%d0%b4%d0%b5%d0%bc%d1%96%d1%8f\/%d0%b4%d0%be%d1%81%d1%82%d1%83%d0%bf%d0%bd%d1%96-%d0%ba%d1%83%d1%80%d1%81%d0%b8\/"},{"@type":"ListItem","position":5,"name":"Wizard Smartview Curso 2"}]},{"@type":"WebSite","@id":"https:\/\/masterbase.com\/sl\/#website","url":"https:\/\/masterbase.com\/sl\/","name":"MasterBase\u00ae","description":"\u0410\u0432\u0442\u043e\u043c\u0430\u0442\u044b, \u043a\u043e\u0442\u043e\u0440\u044b\u0435 \u0440\u0430\u0431\u043e\u0442\u0430\u044e\u0442 \u043d\u0430 \u0432\u0430\u0441","publisher":{"@id":"https:\/\/masterbase.com\/sl\/#organization"},"potentialAction":[{"@type":"SearchAction","target":{"@type":"EntryPoint","urlTemplate":"https:\/\/masterbase.com\/sl\/?s={search_term_string}"},"query-input":{"@type":"PropertyValueSpecification","valueRequired":true,"valueName":"search_term_string"}}],"inLanguage":"ru-RU"},{"@type":"Organization","@id":"https:\/\/masterbase.com\/sl\/#organization","name":"MasterBase\u00ae","url":"https:\/\/masterbase.com\/sl\/","logo":{"@type":"ImageObject","inLanguage":"ru-RU","@id":"https:\/\/masterbase.com\/sl\/#\/schema\/logo\/image\/","url":"https:\/\/i0.wp.com\/masterbase.com\/wp-content\/uploads\/2023\/09\/BLANCO-Logo-Futuravix-ESP-202510.2.png?fit=500%2C500&ssl=1","contentUrl":"https:\/\/i0.wp.com\/masterbase.com\/wp-content\/uploads\/2023\/09\/BLANCO-Logo-Futuravix-ESP-202510.2.png?fit=500%2C500&ssl=1","width":500,"height":500,"caption":"MasterBase\u00ae"},"image":{"@id":"https:\/\/masterbase.com\/sl\/#\/schema\/logo\/image\/"}}]}},"jetpack_likes_enabled":false,"jetpack_sharing_enabled":true,"jetpack_shortlink":"https:\/\/wp.me\/Pf6Ilf-6f8","jetpack-related-posts":[{"id":1842,"url":"https:\/\/masterbase.com\/ru\/mb\/academia\/cursos-disponibles\/","url_meta":{"origin":24002,"position":0},"title":"\u0414\u043e\u0441\u0442\u0443\u043f\u043d\u044b\u0435 \u043a\u0443\u0440\u0441\u044b MasterBase","author":"Alejandro Dur\u00e1n","date":"9 \u043e\u043a\u0442\u044f\u0431\u0440\u044f, 2023","format":false,"excerpt":"Cursos Academia Demuestra al resto del mundo que eres experto en MasterBase\u00ae, en crear o usar soluciones y m\u00e1s. Cursos Academia A\u00f1ade aqu\u00ed tu texto de cabecera Demuestra al resto del mundo que eres experto en MasterBase\u00ae, en crear o usar soluciones y m\u00e1s. Busca un curso Escoge el curso\u2026","rel":"","context":"\u041f\u043e\u0445\u043e\u0436\u0430\u044f \u0437\u0430\u043f\u0438\u0441\u044c","block_context":{"text":"\u041f\u043e\u0445\u043e\u0436\u0430\u044f \u0437\u0430\u043f\u0438\u0441\u044c","link":""},"img":{"alt_text":"Play Azul","src":"https:\/\/i0.wp.com\/masterbase.com\/es\/wp-content\/uploads\/2025\/01\/play-01-comb3.png?resize=350%2C200&ssl=1","width":350,"height":200},"classes":[]},{"id":16021,"url":"https:\/\/masterbase.com\/ru\/mb\/academia\/cursos-disponibles\/wizard-smartview\/","url_meta":{"origin":24002,"position":1},"title":"\u0414\u043e\u0441\u0442\u0443\u043f\u043d\u044b \u043a\u0443\u0440\u0441\u044b MasterBase Wizard Smartview","author":"Alejandro Dur\u00e1n","date":"28 \u0430\u0432\u0433\u0443\u0441\u0442\u0430, 2024","format":false,"excerpt":"Curso Wizard Smartview Complementa tus soluciones automatizadas configurando atractivas interfases para\u00a0 gestionar data, videos, im\u00e1genes, encuestas y mucho m\u00e1s. Activa el curso Curso Wizard Smartview Complementa tus soluciones automatizadas configurando atractivas interfases para\u00a0 gestionar data, videos, im\u00e1genes, encuestas y mucho m\u00e1s. Activa el curso FORMATO Videos on demand PPT descargables\u2026","rel":"","context":"\u041f\u043e\u0445\u043e\u0436\u0430\u044f \u0437\u0430\u043f\u0438\u0441\u044c","block_context":{"text":"\u041f\u043e\u0445\u043e\u0436\u0430\u044f \u0437\u0430\u043f\u0438\u0441\u044c","link":""},"img":{"alt_text":"Play Azul","src":"https:\/\/i0.wp.com\/masterbase.com\/wp-content\/uploads\/2025\/01\/play-01-comb3.png?resize=350%2C200&ssl=1","width":350,"height":200},"classes":[]},{"id":2517,"url":"https:\/\/masterbase.com\/ru\/mb\/academia\/cursos-disponibles\/preguntas-frecuentes-cursos-certificados\/","url_meta":{"origin":24002,"position":2},"title":"Preguntas Frecuentes Cursos Disponibles","author":"Alejandro Dur\u00e1n","date":"19 \u043e\u043a\u0442\u044f\u0431\u0440\u044f, 2023","format":false,"excerpt":"Preguntas frecuentes sobre cursos y programas de la Academia Aqu\u00ed respondemos tus dudas Contacta a un ejecutivo Preguntas frecuentes sobre cursos certificados Aqu\u00ed respondemos tus dudas Contacta un ejecutivo Cursos y Programas de la Academia \u00bfCu\u00e1l es la diferencia entre un curso y un programa en la Academia? CursosLos cursos\u2026","rel":"","context":"\u041f\u043e\u0445\u043e\u0436\u0430\u044f \u0437\u0430\u043f\u0438\u0441\u044c","block_context":{"text":"\u041f\u043e\u0445\u043e\u0436\u0430\u044f \u0437\u0430\u043f\u0438\u0441\u044c","link":""},"img":{"alt_text":"Play Azul","src":"https:\/\/i0.wp.com\/masterbase.com\/es\/wp-content\/uploads\/2025\/01\/play-01-comb3.png?resize=350%2C200&ssl=1","width":350,"height":200},"classes":[]},{"id":21103,"url":"https:\/\/masterbase.com\/ru\/mb\/descubreautomatizacion\/habilidades-automatas__trashed\/smartviews__trashed\/wizards\/","url_meta":{"origin":24002,"position":3},"title":"\u0412\u043e\u043b\u0448\u0435\u0431\u043d\u0438\u043a\u0438","author":"Alejandro Dur\u00e1n","date":"24 \u044f\u043d\u0432\u0430\u0440\u044f, 2025","format":false,"excerpt":"Wizards de SmatViews Crea vistas din\u00e1micas, interactivas y personalizadas con contenidos avanzados en un entorno intuitivo. Contacta a un ejecutivo Document Ver Video Wizards de SmatViews Crea vistas din\u00e1micas, interactivas y personalizadas con contenidos avanzados en un entorno intuitivo. Contacta un ejecutivo Crea SmartViews din\u00e1micas y personalizadas f\u00e1cilmente con el\u2026","rel":"","context":"\u041f\u043e\u0445\u043e\u0436\u0430\u044f \u0437\u0430\u043f\u0438\u0441\u044c","block_context":{"text":"\u041f\u043e\u0445\u043e\u0436\u0430\u044f \u0437\u0430\u043f\u0438\u0441\u044c","link":""},"img":{"alt_text":"WIzard SmartViews","src":"https:\/\/i0.wp.com\/masterbase.com\/es\/wp-content\/uploads\/2025\/01\/Wizard-SmartViews.png?resize=350%2C200&ssl=1","width":350,"height":200},"classes":[]},{"id":28584,"url":"https:\/\/masterbase.com\/ru\/mb\/academia\/cursos-disponibles\/programa-inicial-para-creadores\/","url_meta":{"origin":24002,"position":4},"title":"Programa Inicial para Creadores","author":"Alejandro Dur\u00e1n","date":"23 \u043c\u0430\u0440\u0442\u0430, 2026","format":false,"excerpt":"Programa Inicial para Creadores Aqu\u00ed podr\u00e1s conocer conceptos de automatizaci\u00f3n y aprendera configurar una Soluci\u00f3n simple con MasterBase\u00ae Activa el programa FORMATO Videos on demand Labs en vivo NIVEL Inicial IDIOMA Espa\u00f1ol con Subt\u00edtulos en 32 idiomas MODALIDAD Online - on demand Domina la automatizaci\u00f3n y crea tus primeras soluciones\u2026","rel":"","context":"\u041f\u043e\u0445\u043e\u0436\u0430\u044f \u0437\u0430\u043f\u0438\u0441\u044c","block_context":{"text":"\u041f\u043e\u0445\u043e\u0436\u0430\u044f \u0437\u0430\u043f\u0438\u0441\u044c","link":""},"img":{"alt_text":"Play Azul","src":"https:\/\/i0.wp.com\/masterbase.com\/es\/wp-content\/uploads\/2025\/01\/play-01-comb3.png?resize=350%2C200&ssl=1","width":350,"height":200},"classes":[]},{"id":1862,"url":"https:\/\/masterbase.com\/ru\/mb\/academia\/cursos-disponibles\/curso-certificado-descubre-automatizacion\/","url_meta":{"origin":24002,"position":5},"title":"\u0414\u043e\u0441\u0442\u0443\u043f\u043d\u044b\u0435 \u043a\u0443\u0440\u0441\u044b MasterBase Discover Automation","author":"Alejandro Dur\u00e1n","date":"10 \u043e\u043a\u0442\u044f\u0431\u0440\u044f, 2023","format":false,"excerpt":"Curso Descubre la Automatizaci\u00f3n Desarrolla tus habilidades de automatizaci\u00f3n y transforma tu negocio, de forma r\u00e1pida, f\u00e1cil y simple a trav\u00e9s de este curso certificado Activa el curso Curso Descubre la Automatizaci\u00f3n Desarrolla tus habilidades de automatizaci\u00f3n y transforma tu negocio, de forma r\u00e1pida, f\u00e1cil y simple a trav\u00e9s de\u2026","rel":"","context":"\u041f\u043e\u0445\u043e\u0436\u0430\u044f \u0437\u0430\u043f\u0438\u0441\u044c","block_context":{"text":"\u041f\u043e\u0445\u043e\u0436\u0430\u044f \u0437\u0430\u043f\u0438\u0441\u044c","link":""},"img":{"alt_text":"Play Azul","src":"https:\/\/i0.wp.com\/masterbase.com\/es\/es\/es\/wp-content\/uploads\/2025\/01\/play-01-comb3.png?resize=350%2C200&ssl=1","width":350,"height":200},"classes":[]}],"_links":{"self":[{"href":"https:\/\/masterbase.com\/ru\/wp-json\/wp\/v2\/pages\/24002","targetHints":{"allow":["GET"]}}],"collection":[{"href":"https:\/\/masterbase.com\/ru\/wp-json\/wp\/v2\/pages"}],"about":[{"href":"https:\/\/masterbase.com\/ru\/wp-json\/wp\/v2\/types\/page"}],"author":[{"embeddable":true,"href":"https:\/\/masterbase.com\/ru\/wp-json\/wp\/v2\/users\/239642484"}],"replies":[{"embeddable":true,"href":"https:\/\/masterbase.com\/ru\/wp-json\/wp\/v2\/comments?post=24002"}],"version-history":[{"count":4,"href":"https:\/\/masterbase.com\/ru\/wp-json\/wp\/v2\/pages\/24002\/revisions"}],"predecessor-version":[{"id":24006,"href":"https:\/\/masterbase.com\/ru\/wp-json\/wp\/v2\/pages\/24002\/revisions\/24006"}],"up":[{"embeddable":true,"href":"https:\/\/masterbase.com\/ru\/wp-json\/wp\/v2\/pages\/1842"}],"wp:attachment":[{"href":"https:\/\/masterbase.com\/ru\/wp-json\/wp\/v2\/media?parent=24002"}],"curies":[{"name":"wp","href":"https:\/\/api.w.org\/{rel}","templated":true}]}}