{"id":2409,"date":"2023-10-17T18:20:50","date_gmt":"2023-10-17T15:20:50","guid":{"rendered":"https:\/\/masterbase.com\/es\/es\/es\/es\/es\/?page_id=2409"},"modified":"2025-07-31T15:56:51","modified_gmt":"2025-07-31T12:56:51","slug":"revizijas-anketa","status":"publish","type":"page","link":"https:\/\/masterbase.com\/lv\/cuestionario-auditoria\/","title":{"rendered":"Rev\u012bzijas anketa"},"content":{"rendered":"<div data-elementor-type=\"wp-page\" data-elementor-id=\"2409\" class=\"elementor elementor-2409\" data-elementor-post-type=\"page\">\n\t\t\t\t<div class=\"elementor-element elementor-element-7d1279f2 e-flex e-con-boxed e-con e-parent\" data-id=\"7d1279f2\" data-element_type=\"container\" data-e-type=\"container\" data-settings=\"{&quot;background_background&quot;:&quot;classic&quot;}\">\n\t\t\t\t\t<div class=\"e-con-inner\">\n\t\t<div class=\"elementor-element elementor-element-53dd0aa8 e-con-full e-flex e-con e-child\" data-id=\"53dd0aa8\" data-element_type=\"container\" data-e-type=\"container\">\n\t\t\t\t<div class=\"elementor-element elementor-element-256a33 elementor-widget elementor-widget-heading\" data-id=\"256a33\" data-element_type=\"widget\" data-e-type=\"widget\" data-widget_type=\"heading.default\">\n\t\t\t\t<div class=\"elementor-widget-container\">\n\t\t\t\t\t<h1 class=\"elementor-heading-title elementor-size-small\">Rev\u012bzijas anketa\nVisp\u0101r\u012bgais l\u012bmenis<\/h1>\t\t\t\t<\/div>\n\t\t\t\t<\/div>\n\t\t\t\t<div class=\"elementor-element elementor-element-2ccce16 elementor-widget elementor-widget-image\" data-id=\"2ccce16\" data-element_type=\"widget\" data-e-type=\"widget\" data-widget_type=\"image.default\">\n\t\t\t\t<div class=\"elementor-widget-container\">\n\t\t\t\t\t\t\t\t\t\t\t\t\t\t\t\t<a href=\"\" target=\"_blank\">\n\t\t\t\t\t\t\t<img fetchpriority=\"high\" decoding=\"async\" data-attachment-id=\"913\" data-permalink=\"https:\/\/masterbase.com\/lv\/?attachment_id=913\" data-orig-file=\"https:\/\/i0.wp.com\/masterbase.com\/wp-content\/uploads\/2023\/09\/video_overall_theme01.png?fit=752%2C626&amp;ssl=1\" data-orig-size=\"752,626\" data-comments-opened=\"1\" data-image-meta=\"{&quot;aperture&quot;:&quot;0&quot;,&quot;credit&quot;:&quot;&quot;,&quot;camera&quot;:&quot;&quot;,&quot;caption&quot;:&quot;&quot;,&quot;created_timestamp&quot;:&quot;0&quot;,&quot;copyright&quot;:&quot;&quot;,&quot;focal_length&quot;:&quot;0&quot;,&quot;iso&quot;:&quot;0&quot;,&quot;shutter_speed&quot;:&quot;0&quot;,&quot;title&quot;:&quot;&quot;,&quot;orientation&quot;:&quot;0&quot;}\" data-image-title=\"Play Video\" data-image-description=\"\" data-image-caption=\"\" data-large-file=\"https:\/\/i0.wp.com\/masterbase.com\/wp-content\/uploads\/2023\/09\/video_overall_theme01.png?fit=752%2C626&amp;ssl=1\" width=\"300\" height=\"250\" src=\"https:\/\/i0.wp.com\/masterbase.com\/wp-content\/uploads\/2023\/09\/video_overall_theme01.png?fit=300%2C250&amp;ssl=1\" class=\"attachment-medium size-medium wp-image-913\" alt=\"Atska\u0146ot videoklipu\" srcset=\"https:\/\/i0.wp.com\/masterbase.com\/wp-content\/uploads\/2023\/09\/video_overall_theme01.png?w=752&amp;ssl=1 752w, https:\/\/i0.wp.com\/masterbase.com\/wp-content\/uploads\/2023\/09\/video_overall_theme01.png?resize=300%2C250&amp;ssl=1 300w, https:\/\/i0.wp.com\/masterbase.com\/wp-content\/uploads\/2023\/09\/video_overall_theme01.png?resize=600%2C499&amp;ssl=1 600w\" sizes=\"(max-width: 300px) 100vw, 300px\" \/>\t\t\t\t\t\t\t\t<\/a>\n\t\t\t\t\t\t\t\t\t\t\t\t\t\t\t<\/div>\n\t\t\t\t<\/div>\n\t\t\t\t<\/div>\n\t\t<div class=\"elementor-element elementor-element-5b883333 e-con-full e-flex e-con e-child\" data-id=\"5b883333\" data-element_type=\"container\" data-e-type=\"container\">\n\t\t\t\t<div class=\"elementor-element elementor-element-358eb336 elementor-widget elementor-widget-image\" data-id=\"358eb336\" data-element_type=\"widget\" data-e-type=\"widget\" data-widget_type=\"image.default\">\n\t\t\t\t<div class=\"elementor-widget-container\">\n\t\t\t\t\t\t\t\t\t\t\t\t\t\t\t<img decoding=\"async\" data-attachment-id=\"1024\" data-permalink=\"https:\/\/masterbase.com\/lv\/tiny-male-and-female-character-filling-abstract-persons-head\/\" data-orig-file=\"https:\/\/i0.wp.com\/masterbase.com\/wp-content\/uploads\/2023\/09\/iStock-1433035148.jpg?fit=1974%2C1518&amp;ssl=1\" data-orig-size=\"1974,1518\" data-comments-opened=\"1\" data-image-meta=\"{&quot;aperture&quot;:&quot;0&quot;,&quot;credit&quot;:&quot;Getty Images\/iStockphoto&quot;,&quot;camera&quot;:&quot;&quot;,&quot;caption&quot;:&quot;Tiny male and female character filling abstract persons head with light bulbs. Office people brainstorming and creating ideas flat vector illustration. Work community, imagination, teamwork concept&quot;,&quot;created_timestamp&quot;:&quot;0&quot;,&quot;copyright&quot;:&quot;&quot;,&quot;focal_length&quot;:&quot;0&quot;,&quot;iso&quot;:&quot;0&quot;,&quot;shutter_speed&quot;:&quot;0&quot;,&quot;title&quot;:&quot;Tiny male and female character filling abstract persons head&quot;,&quot;orientation&quot;:&quot;1&quot;}\" data-image-title=\"estrategia Automatizaci\u00f3n\" data-image-description=\"\" data-image-caption=\"&lt;p&gt;Tiny male and female character filling abstract persons head with light bulbs. Office people brainstorming and creating ideas flat vector illustration. Work community, imagination, teamwork concept&lt;\/p&gt;\" data-large-file=\"https:\/\/i0.wp.com\/masterbase.com\/wp-content\/uploads\/2023\/09\/iStock-1433035148.jpg?fit=800%2C615&amp;ssl=1\" width=\"800\" height=\"615\" src=\"https:\/\/i0.wp.com\/masterbase.com\/wp-content\/uploads\/2023\/09\/iStock-1433035148.jpg?fit=800%2C615&amp;ssl=1\" class=\"attachment-large size-large wp-image-1024\" alt=\"strat\u0113\u0123ija Automatiz\u0101cija\" srcset=\"https:\/\/i0.wp.com\/masterbase.com\/wp-content\/uploads\/2023\/09\/iStock-1433035148.jpg?w=1974&amp;ssl=1 1974w, https:\/\/i0.wp.com\/masterbase.com\/wp-content\/uploads\/2023\/09\/iStock-1433035148.jpg?resize=300%2C231&amp;ssl=1 300w, https:\/\/i0.wp.com\/masterbase.com\/wp-content\/uploads\/2023\/09\/iStock-1433035148.jpg?resize=1024%2C787&amp;ssl=1 1024w, https:\/\/i0.wp.com\/masterbase.com\/wp-content\/uploads\/2023\/09\/iStock-1433035148.jpg?resize=768%2C591&amp;ssl=1 768w, https:\/\/i0.wp.com\/masterbase.com\/wp-content\/uploads\/2023\/09\/iStock-1433035148.jpg?resize=1536%2C1181&amp;ssl=1 1536w, https:\/\/i0.wp.com\/masterbase.com\/wp-content\/uploads\/2023\/09\/iStock-1433035148.jpg?resize=1200%2C923&amp;ssl=1 1200w, https:\/\/i0.wp.com\/masterbase.com\/wp-content\/uploads\/2023\/09\/iStock-1433035148.jpg?resize=600%2C461&amp;ssl=1 600w, https:\/\/i0.wp.com\/masterbase.com\/wp-content\/uploads\/2023\/09\/iStock-1433035148.jpg?w=1600&amp;ssl=1 1600w\" sizes=\"(max-width: 800px) 100vw, 800px\" \/>\t\t\t\t\t\t\t\t\t\t\t\t\t\t\t<\/div>\n\t\t\t\t<\/div>\n\t\t\t\t<\/div>\n\t\t\t\t\t<\/div>\n\t\t\t\t<\/div>\n\t\t<div class=\"elementor-element elementor-element-e9a9eec e-flex e-con-boxed e-con e-parent\" data-id=\"e9a9eec\" data-element_type=\"container\" data-e-type=\"container\">\n\t\t\t\t\t<div class=\"e-con-inner\">\n\t\t\t\t<div class=\"elementor-element elementor-element-17b0f07 elementor-widget elementor-widget-html\" data-id=\"17b0f07\" data-element_type=\"widget\" data-e-type=\"widget\" data-widget_type=\"html.default\">\n\t\t\t\t<div class=\"elementor-widget-container\">\n\t\t\t\t\t<iframe src=\"https:\/\/masterbase.com\/es\/wp-content\/uploads\/2025\/07\/202507.1-ISAudit-General.pdf\" width=\"100%\" height=\"600px\"><\/iframe>\t\t\t\t<\/div>\n\t\t\t\t<\/div>\n\t\t\t\t\t<\/div>\n\t\t\t\t<\/div>\n\t\t\t\t<\/div>","protected":false},"excerpt":{"rendered":"<p>Visp\u0101r\u0113j\u0101 l\u012bme\u0146a rev\u012bzijas anketa<\/p>","protected":false},"author":239642484,"featured_media":0,"parent":0,"menu_order":828,"comment_status":"closed","ping_status":"closed","template":"","meta":{"_crdt_document":"","footnotes":""},"class_list":["post-2409","page","type-page","status-publish","hentry"],"yoast_head":"<!-- This site is optimized with the Yoast SEO plugin v27.5 - https:\/\/yoast.com\/product\/yoast-seo-wordpress\/ -->\n<title>Cuestionario Auditoria - MasterBase\u00ae<\/title>\n<meta name=\"description\" content=\"Cuestionario Auditor\u00eda Nivel General\" \/>\n<meta name=\"robots\" content=\"index, follow, max-snippet:-1, max-image-preview:large, max-video-preview:-1\" \/>\n<link rel=\"canonical\" href=\"https:\/\/masterbase.com\/lv\/revizijas-anketa\/\" \/>\n<meta property=\"og:locale\" content=\"lv_LV\" \/>\n<meta property=\"og:type\" content=\"article\" \/>\n<meta property=\"og:title\" content=\"Cuestionario Auditoria - MasterBase\u00ae\" \/>\n<meta property=\"og:description\" content=\"Cuestionario Auditor\u00eda Nivel General\" \/>\n<meta property=\"og:url\" content=\"https:\/\/masterbase.com\/lv\/revizijas-anketa\/\" \/>\n<meta property=\"og:site_name\" content=\"MasterBase\u00ae\" \/>\n<meta property=\"article:modified_time\" content=\"2025-07-31T12:56:51+00:00\" \/>\n<meta property=\"og:image\" content=\"https:\/\/masterbase.com\/es\/wp-content\/uploads\/2023\/09\/video_overall_theme01-300x250.png\" \/>\n<meta name=\"twitter:card\" content=\"summary_large_image\" \/>\n<meta name=\"twitter:label1\" content=\"Est. reading time\" \/>\n\t<meta name=\"twitter:data1\" content=\"1 min\u016bte\" \/>\n<script type=\"application\/ld+json\" class=\"yoast-schema-graph\">{\"@context\":\"https:\\\/\\\/schema.org\",\"@graph\":[{\"@type\":\"WebPage\",\"@id\":\"https:\\\/\\\/masterbase.com\\\/pl\\\/kwestionariusz-audytu\\\/\",\"url\":\"https:\\\/\\\/masterbase.com\\\/pl\\\/kwestionariusz-audytu\\\/\",\"name\":\"Cuestionario Auditoria - MasterBase\u00ae\",\"isPartOf\":{\"@id\":\"https:\\\/\\\/masterbase.com\\\/es\\\/#website\"},\"primaryImageOfPage\":{\"@id\":\"https:\\\/\\\/masterbase.com\\\/pl\\\/kwestionariusz-audytu\\\/#primaryimage\"},\"image\":{\"@id\":\"https:\\\/\\\/masterbase.com\\\/pl\\\/kwestionariusz-audytu\\\/#primaryimage\"},\"thumbnailUrl\":\"https:\\\/\\\/masterbase.com\\\/es\\\/wp-content\\\/uploads\\\/2023\\\/09\\\/video_overall_theme01-300x250.png\",\"datePublished\":\"2023-10-17T15:20:50+00:00\",\"dateModified\":\"2025-07-31T12:56:51+00:00\",\"description\":\"Cuestionario Auditor\u00eda Nivel General\",\"breadcrumb\":{\"@id\":\"https:\\\/\\\/masterbase.com\\\/pl\\\/kwestionariusz-audytu\\\/#breadcrumb\"},\"inLanguage\":\"lv-LV\",\"potentialAction\":[{\"@type\":\"ReadAction\",\"target\":[\"https:\\\/\\\/masterbase.com\\\/pl\\\/kwestionariusz-audytu\\\/\"]}]},{\"@type\":\"ImageObject\",\"inLanguage\":\"lv-LV\",\"@id\":\"https:\\\/\\\/masterbase.com\\\/pl\\\/kwestionariusz-audytu\\\/#primaryimage\",\"url\":\"https:\\\/\\\/masterbase.com\\\/es\\\/wp-content\\\/uploads\\\/2023\\\/09\\\/video_overall_theme01-300x250.png\",\"contentUrl\":\"https:\\\/\\\/masterbase.com\\\/es\\\/wp-content\\\/uploads\\\/2023\\\/09\\\/video_overall_theme01-300x250.png\"},{\"@type\":\"BreadcrumbList\",\"@id\":\"https:\\\/\\\/masterbase.com\\\/pl\\\/kwestionariusz-audytu\\\/#breadcrumb\",\"itemListElement\":[{\"@type\":\"ListItem\",\"position\":1,\"name\":\"Portada\",\"item\":\"https:\\\/\\\/masterbase.com\\\/da\\\/\"},{\"@type\":\"ListItem\",\"position\":2,\"name\":\"Cuestionario Auditoria\"}]},{\"@type\":\"WebSite\",\"@id\":\"https:\\\/\\\/masterbase.com\\\/es\\\/#website\",\"url\":\"https:\\\/\\\/masterbase.com\\\/es\\\/\",\"name\":\"MasterBase\u00ae\",\"description\":\"Automatas that work for you\",\"publisher\":{\"@id\":\"https:\\\/\\\/masterbase.com\\\/es\\\/#organization\"},\"potentialAction\":[{\"@type\":\"SearchAction\",\"target\":{\"@type\":\"EntryPoint\",\"urlTemplate\":\"https:\\\/\\\/masterbase.com\\\/es\\\/?s={search_term_string}\"},\"query-input\":{\"@type\":\"PropertyValueSpecification\",\"valueRequired\":true,\"valueName\":\"search_term_string\"}}],\"inLanguage\":\"lv-LV\"},{\"@type\":\"Organization\",\"@id\":\"https:\\\/\\\/masterbase.com\\\/es\\\/#organization\",\"name\":\"MasterBase\u00ae\",\"url\":\"https:\\\/\\\/masterbase.com\\\/es\\\/\",\"logo\":{\"@type\":\"ImageObject\",\"inLanguage\":\"lv-LV\",\"@id\":\"https:\\\/\\\/masterbase.com\\\/es\\\/#\\\/schema\\\/logo\\\/image\\\/\",\"url\":\"https:\\\/\\\/i0.wp.com\\\/masterbase.com\\\/wp-content\\\/uploads\\\/2023\\\/09\\\/Logo_negro_sinslogan.png?fit=1476%2C972&ssl=1\",\"contentUrl\":\"https:\\\/\\\/i0.wp.com\\\/masterbase.com\\\/wp-content\\\/uploads\\\/2023\\\/09\\\/Logo_negro_sinslogan.png?fit=1476%2C972&ssl=1\",\"width\":1476,\"height\":972,\"caption\":\"MasterBase\u00ae\"},\"image\":{\"@id\":\"https:\\\/\\\/masterbase.com\\\/es\\\/#\\\/schema\\\/logo\\\/image\\\/\"}}]}<\/script>\n<!-- \/ Yoast SEO plugin. -->","yoast_head_json":{"title":"Audita anketa - MasterBase\u00ae.","description":"Visp\u0101r\u0113j\u0101 l\u012bme\u0146a rev\u012bzijas anketa","robots":{"index":"index","follow":"follow","max-snippet":"max-snippet:-1","max-image-preview":"max-image-preview:large","max-video-preview":"max-video-preview:-1"},"canonical":"https:\/\/masterbase.com\/lv\/revizijas-anketa\/","og_locale":"lv_LV","og_type":"article","og_title":"Cuestionario Auditoria - MasterBase\u00ae","og_description":"Cuestionario Auditor\u00eda Nivel General","og_url":"https:\/\/masterbase.com\/lv\/revizijas-anketa\/","og_site_name":"MasterBase\u00ae","article_modified_time":"2025-07-31T12:56:51+00:00","og_image":[{"url":"https:\/\/masterbase.com\/es\/wp-content\/uploads\/2023\/09\/video_overall_theme01-300x250.png","type":"","width":"","height":""}],"twitter_card":"summary_large_image","twitter_misc":{"Est. reading time":"1 min\u016bte"},"schema":{"@context":"https:\/\/schema.org","@graph":[{"@type":"WebPage","@id":"https:\/\/masterbase.com\/pl\/kwestionariusz-audytu\/","url":"https:\/\/masterbase.com\/pl\/kwestionariusz-audytu\/","name":"Audita anketa - MasterBase\u00ae.","isPartOf":{"@id":"https:\/\/masterbase.com\/es\/#website"},"primaryImageOfPage":{"@id":"https:\/\/masterbase.com\/pl\/kwestionariusz-audytu\/#primaryimage"},"image":{"@id":"https:\/\/masterbase.com\/pl\/kwestionariusz-audytu\/#primaryimage"},"thumbnailUrl":"https:\/\/masterbase.com\/es\/wp-content\/uploads\/2023\/09\/video_overall_theme01-300x250.png","datePublished":"2023-10-17T15:20:50+00:00","dateModified":"2025-07-31T12:56:51+00:00","description":"Visp\u0101r\u0113j\u0101 l\u012bme\u0146a rev\u012bzijas anketa","breadcrumb":{"@id":"https:\/\/masterbase.com\/pl\/kwestionariusz-audytu\/#breadcrumb"},"inLanguage":"lv-LV","potentialAction":[{"@type":"ReadAction","target":["https:\/\/masterbase.com\/pl\/kwestionariusz-audytu\/"]}]},{"@type":"ImageObject","inLanguage":"lv-LV","@id":"https:\/\/masterbase.com\/pl\/kwestionariusz-audytu\/#primaryimage","url":"https:\/\/masterbase.com\/es\/wp-content\/uploads\/2023\/09\/video_overall_theme01-300x250.png","contentUrl":"https:\/\/masterbase.com\/es\/wp-content\/uploads\/2023\/09\/video_overall_theme01-300x250.png"},{"@type":"BreadcrumbList","@id":"https:\/\/masterbase.com\/pl\/kwestionariusz-audytu\/#breadcrumb","itemListElement":[{"@type":"ListItem","position":1,"name":"Portada","item":"https:\/\/masterbase.com\/da\/"},{"@type":"ListItem","position":2,"name":"Cuestionario Auditoria"}]},{"@type":"WebSite","@id":"https:\/\/masterbase.com\/es\/#website","url":"https:\/\/masterbase.com\/es\/","name":"MasterBase\u00ae","description":"Autom\u0101ti, kas darbojas j\u016bsu viet\u0101","publisher":{"@id":"https:\/\/masterbase.com\/es\/#organization"},"potentialAction":[{"@type":"SearchAction","target":{"@type":"EntryPoint","urlTemplate":"https:\/\/masterbase.com\/es\/?s={search_term_string}"},"query-input":{"@type":"PropertyValueSpecification","valueRequired":true,"valueName":"search_term_string"}}],"inLanguage":"lv-LV"},{"@type":"Organization","@id":"https:\/\/masterbase.com\/es\/#organization","name":"MasterBase\u00ae","url":"https:\/\/masterbase.com\/es\/","logo":{"@type":"ImageObject","inLanguage":"lv-LV","@id":"https:\/\/masterbase.com\/es\/#\/schema\/logo\/image\/","url":"https:\/\/i0.wp.com\/masterbase.com\/wp-content\/uploads\/2023\/09\/Logo_negro_sinslogan.png?fit=1476%2C972&ssl=1","contentUrl":"https:\/\/i0.wp.com\/masterbase.com\/wp-content\/uploads\/2023\/09\/Logo_negro_sinslogan.png?fit=1476%2C972&ssl=1","width":1476,"height":972,"caption":"MasterBase\u00ae"},"image":{"@id":"https:\/\/masterbase.com\/es\/#\/schema\/logo\/image\/"}}]}},"jetpack_likes_enabled":false,"jetpack_sharing_enabled":true,"jetpack_shortlink":"https:\/\/wp.me\/Pf6Ilf-CR","_links":{"self":[{"href":"https:\/\/masterbase.com\/lv\/wp-json\/wp\/v2\/pages\/2409","targetHints":{"allow":["GET"]}}],"collection":[{"href":"https:\/\/masterbase.com\/lv\/wp-json\/wp\/v2\/pages"}],"about":[{"href":"https:\/\/masterbase.com\/lv\/wp-json\/wp\/v2\/types\/page"}],"author":[{"embeddable":true,"href":"https:\/\/masterbase.com\/lv\/wp-json\/wp\/v2\/users\/239642484"}],"replies":[{"embeddable":true,"href":"https:\/\/masterbase.com\/lv\/wp-json\/wp\/v2\/comments?post=2409"}],"version-history":[{"count":46,"href":"https:\/\/masterbase.com\/lv\/wp-json\/wp\/v2\/pages\/2409\/revisions"}],"predecessor-version":[{"id":23072,"href":"https:\/\/masterbase.com\/lv\/wp-json\/wp\/v2\/pages\/2409\/revisions\/23072"}],"wp:attachment":[{"href":"https:\/\/masterbase.com\/lv\/wp-json\/wp\/v2\/media?parent=2409"}],"curies":[{"name":"wp","href":"https:\/\/api.w.org\/{rel}","templated":true}]}}