{"id":24699,"date":"2025-10-24T16:14:49","date_gmt":"2025-10-24T13:14:49","guid":{"rendered":"https:\/\/masterbase.com\/es\/?page_id=24699"},"modified":"2026-04-12T01:55:51","modified_gmt":"2026-04-11T22:55:51","slug":"masininis-vertimas","status":"publish","type":"page","link":"https:\/\/masterbase.com\/lt\/mb\/machinetranslated\/","title":{"rendered":"ma\u0161ininis vertimas"},"content":{"rendered":"<div data-elementor-type=\"wp-page\" data-elementor-id=\"24699\" class=\"elementor elementor-24699\" data-elementor-post-type=\"page\">\n\t\t\t\t<div class=\"elementor-element elementor-element-8dc3787 e-flex e-con-boxed e-con e-parent\" data-id=\"8dc3787\" data-element_type=\"container\" data-e-type=\"container\">\n\t\t\t\t\t<div class=\"e-con-inner\">\n\t\t\t\t<div class=\"elementor-element elementor-element-3ed2fc1 elementor-widget elementor-widget-spacer\" data-id=\"3ed2fc1\" data-element_type=\"widget\" data-e-type=\"widget\" data-widget_type=\"spacer.default\">\n\t\t\t\t<div class=\"elementor-widget-container\">\n\t\t\t\t\t\t\t<div class=\"elementor-spacer\">\n\t\t\t<div class=\"elementor-spacer-inner\"><\/div>\n\t\t<\/div>\n\t\t\t\t\t\t<\/div>\n\t\t\t\t<\/div>\n\t\t\t\t\t<\/div>\n\t\t\t\t<\/div>\n\t\t<div class=\"elementor-element elementor-element-7e61939 e-flex e-con-boxed e-con e-parent\" data-id=\"7e61939\" data-element_type=\"container\" data-e-type=\"container\" data-settings=\"{&quot;background_background&quot;:&quot;classic&quot;}\">\n\t\t\t\t\t<div class=\"e-con-inner\">\n\t\t<div class=\"elementor-element elementor-element-cc70054 e-con-full e-flex e-con e-child\" data-id=\"cc70054\" data-element_type=\"container\" data-e-type=\"container\">\n\t\t\t\t<div class=\"elementor-element elementor-element-e1ab06a elementor-widget__width-initial elementor-widget elementor-widget-text-editor\" data-id=\"e1ab06a\" data-element_type=\"widget\" data-e-type=\"widget\" data-widget_type=\"text-editor.default\">\n\t\t\t\t<div class=\"elementor-widget-container\">\n\t\t\t\t\t\t\t\t\t<p>Vertimai yra generuojami automatizuota sistema su dirbtiniu intelektu, nepriklausan\u010dia MasterBase\u00ae, tod\u0117l juose gali b\u016bti netikslum\u0173 ar vertimo klaid\u0173.<\/p><p>Esant bet kokiems neatitikimams, tik original\u016bs ispan\u0173 ir angl\u0173 kalbos tekstai laikomi vieninteliais oficialiais ir privalomais.<\/p>\t\t\t\t\t\t\t\t<\/div>\n\t\t\t\t<\/div>\n\t\t\t\t<div class=\"elementor-element elementor-element-1254007 elementor-widget elementor-widget-spacer\" data-id=\"1254007\" data-element_type=\"widget\" data-e-type=\"widget\" data-widget_type=\"spacer.default\">\n\t\t\t\t<div class=\"elementor-widget-container\">\n\t\t\t\t\t\t\t<div class=\"elementor-spacer\">\n\t\t\t<div class=\"elementor-spacer-inner\"><\/div>\n\t\t<\/div>\n\t\t\t\t\t\t<\/div>\n\t\t\t\t<\/div>\n\t\t\t\t<div class=\"elementor-element elementor-element-0913ebf elementor-widget elementor-widget-image\" data-id=\"0913ebf\" data-element_type=\"widget\" data-e-type=\"widget\" data-widget_type=\"image.default\">\n\t\t\t\t<div class=\"elementor-widget-container\">\n\t\t\t\t\t\t\t\t\t\t\t\t\t\t\t<img fetchpriority=\"high\" decoding=\"async\" data-attachment-id=\"20064\" data-permalink=\"https:\/\/masterbase.com\/lt\/mb\/automata-ia-comb1\/\" data-orig-file=\"https:\/\/i0.wp.com\/masterbase.com\/wp-content\/uploads\/2025\/01\/automata-ia-comb1.png?fit=588%2C609&amp;ssl=1\" data-orig-size=\"588,609\" data-comments-opened=\"1\" data-image-meta=\"{&quot;aperture&quot;:&quot;0&quot;,&quot;credit&quot;:&quot;&quot;,&quot;camera&quot;:&quot;&quot;,&quot;caption&quot;:&quot;&quot;,&quot;created_timestamp&quot;:&quot;0&quot;,&quot;copyright&quot;:&quot;&quot;,&quot;focal_length&quot;:&quot;0&quot;,&quot;iso&quot;:&quot;0&quot;,&quot;shutter_speed&quot;:&quot;0&quot;,&quot;title&quot;:&quot;&quot;,&quot;orientation&quot;:&quot;0&quot;}\" data-image-title=\"Automata IA\" data-image-description=\"\" data-image-caption=\"\" data-large-file=\"https:\/\/i0.wp.com\/masterbase.com\/wp-content\/uploads\/2025\/01\/automata-ia-comb1.png?fit=588%2C609&amp;ssl=1\" width=\"588\" height=\"609\" src=\"https:\/\/i0.wp.com\/masterbase.com\/wp-content\/uploads\/2025\/01\/automata-ia-comb1.png?fit=588%2C609&amp;ssl=1\" class=\"attachment-large size-large wp-image-20064\" alt=\"Automata IA\" srcset=\"https:\/\/i0.wp.com\/masterbase.com\/wp-content\/uploads\/2025\/01\/automata-ia-comb1.png?w=588&amp;ssl=1 588w, https:\/\/i0.wp.com\/masterbase.com\/wp-content\/uploads\/2025\/01\/automata-ia-comb1.png?resize=290%2C300&amp;ssl=1 290w, https:\/\/i0.wp.com\/masterbase.com\/wp-content\/uploads\/2025\/01\/automata-ia-comb1.png?resize=12%2C12&amp;ssl=1 12w\" sizes=\"(max-width: 588px) 100vw, 588px\" \/>\t\t\t\t\t\t\t\t\t\t\t\t\t\t\t<\/div>\n\t\t\t\t<\/div>\n\t\t\t\t<\/div>\n\t\t\t\t\t<\/div>\n\t\t\t\t<\/div>\n\t\t<div class=\"elementor-element elementor-element-3bf383d e-flex e-con-boxed e-con e-parent\" data-id=\"3bf383d\" data-element_type=\"container\" data-e-type=\"container\">\n\t\t\t\t\t<div class=\"e-con-inner\">\n\t\t\t\t<div class=\"elementor-element elementor-element-c52584a elementor-widget elementor-widget-spacer\" data-id=\"c52584a\" data-element_type=\"widget\" data-e-type=\"widget\" data-widget_type=\"spacer.default\">\n\t\t\t\t<div class=\"elementor-widget-container\">\n\t\t\t\t\t\t\t<div class=\"elementor-spacer\">\n\t\t\t<div class=\"elementor-spacer-inner\"><\/div>\n\t\t<\/div>\n\t\t\t\t\t\t<\/div>\n\t\t\t\t<\/div>\n\t\t\t\t\t<\/div>\n\t\t\t\t<\/div>\n\t\t\t\t<\/div>","protected":false},"excerpt":{"rendered":"<p>Vertimai yra generuojami automatizuota sistema su dirbtiniu intelektu, nepriklausan\u010dia MasterBase\u00ae, tod\u0117l juose gali b\u016bti netikslum\u0173 ar vertimo klaid\u0173. Esant neatitikimams, vienintel\u0117mis oficialiomis ir privalomomis laikomos originalo ispan\u0173 ir angl\u0173 kalbos versijos.<\/p>","protected":false},"author":239642484,"featured_media":0,"parent":7462,"menu_order":0,"comment_status":"closed","ping_status":"closed","template":"elementor_header_footer","meta":{"_crdt_document":"","footnotes":""},"class_list":["post-24699","page","type-page","status-publish","hentry"],"yoast_head":"<!-- This site is optimized with the Yoast SEO plugin v27.4 - https:\/\/yoast.com\/product\/yoast-seo-wordpress\/ -->\n<title>machinetranslated - MasterBase\u00ae<\/title>\n<meta name=\"robots\" content=\"index, follow, max-snippet:-1, max-image-preview:large, max-video-preview:-1\" \/>\n<link rel=\"canonical\" href=\"https:\/\/masterbase.com\/lt\/mb\/masininis-vertimas\/\" \/>\n<meta property=\"og:locale\" content=\"lt_LT\" \/>\n<meta property=\"og:type\" content=\"article\" \/>\n<meta property=\"og:title\" content=\"machinetranslated - MasterBase\u00ae\" \/>\n<meta property=\"og:description\" content=\"Las traducciones son generadas por un sistema automatizado con inteligencia artificial externo a MasterBase\u00ae y pueden contener imprecisiones o errores de interpretaci\u00f3n. En caso de discrepancia, la versi\u00f3n original en espa\u00f1ol e ingl\u00e9s se consideran las \u00fanicas oficiales y vinculantes.\" \/>\n<meta property=\"og:url\" content=\"https:\/\/masterbase.com\/lt\/mb\/masininis-vertimas\/\" \/>\n<meta property=\"og:site_name\" content=\"MasterBase\u00ae\" \/>\n<meta property=\"article:modified_time\" content=\"2026-04-11T22:55:51+00:00\" \/>\n<meta property=\"og:image\" content=\"https:\/\/masterbase.com\/es\/wp-content\/uploads\/2025\/01\/automata-ia-comb1.png\" \/>\n<meta name=\"twitter:card\" content=\"summary_large_image\" \/>\n<meta name=\"twitter:label1\" content=\"Est. reading time\" \/>\n\t<meta name=\"twitter:data1\" content=\"1 minut\u0117\" \/>\n<script type=\"application\/ld+json\" class=\"yoast-schema-graph\">{\"@context\":\"https:\\\/\\\/schema.org\",\"@graph\":[{\"@type\":\"WebPage\",\"@id\":\"https:\\\/\\\/masterbase.com\\\/uk\\\/%d0%bc%d0%b0%d0%b1%d1%83%d1%82%d1%8c\\\/%d0%bc%d0%b0%d1%88%d0%b8%d0%bd%d0%be%d0%bf%d0%b5%d1%80%d0%b5%d0%ba%d0%bb%d0%b0%d0%b4%d0%b5%d0%bd%d0%be\\\/\",\"url\":\"https:\\\/\\\/masterbase.com\\\/uk\\\/%d0%bc%d0%b0%d0%b1%d1%83%d1%82%d1%8c\\\/%d0%bc%d0%b0%d1%88%d0%b8%d0%bd%d0%be%d0%bf%d0%b5%d1%80%d0%b5%d0%ba%d0%bb%d0%b0%d0%b4%d0%b5%d0%bd%d0%be\\\/\",\"name\":\"machinetranslated - MasterBase\u00ae\",\"isPartOf\":{\"@id\":\"https:\\\/\\\/masterbase.com\\\/es\\\/#website\"},\"primaryImageOfPage\":{\"@id\":\"https:\\\/\\\/masterbase.com\\\/uk\\\/%d0%bc%d0%b0%d0%b1%d1%83%d1%82%d1%8c\\\/%d0%bc%d0%b0%d1%88%d0%b8%d0%bd%d0%be%d0%bf%d0%b5%d1%80%d0%b5%d0%ba%d0%bb%d0%b0%d0%b4%d0%b5%d0%bd%d0%be\\\/#primaryimage\"},\"image\":{\"@id\":\"https:\\\/\\\/masterbase.com\\\/uk\\\/%d0%bc%d0%b0%d0%b1%d1%83%d1%82%d1%8c\\\/%d0%bc%d0%b0%d1%88%d0%b8%d0%bd%d0%be%d0%bf%d0%b5%d1%80%d0%b5%d0%ba%d0%bb%d0%b0%d0%b4%d0%b5%d0%bd%d0%be\\\/#primaryimage\"},\"thumbnailUrl\":\"https:\\\/\\\/masterbase.com\\\/es\\\/wp-content\\\/uploads\\\/2025\\\/01\\\/automata-ia-comb1.png\",\"datePublished\":\"2025-10-24T13:14:49+00:00\",\"dateModified\":\"2026-04-11T22:55:51+00:00\",\"breadcrumb\":{\"@id\":\"https:\\\/\\\/masterbase.com\\\/uk\\\/%d0%bc%d0%b0%d0%b1%d1%83%d1%82%d1%8c\\\/%d0%bc%d0%b0%d1%88%d0%b8%d0%bd%d0%be%d0%bf%d0%b5%d1%80%d0%b5%d0%ba%d0%bb%d0%b0%d0%b4%d0%b5%d0%bd%d0%be\\\/#breadcrumb\"},\"inLanguage\":\"lt-LT\",\"potentialAction\":[{\"@type\":\"ReadAction\",\"target\":[\"https:\\\/\\\/masterbase.com\\\/uk\\\/%d0%bc%d0%b0%d0%b1%d1%83%d1%82%d1%8c\\\/%d0%bc%d0%b0%d1%88%d0%b8%d0%bd%d0%be%d0%bf%d0%b5%d1%80%d0%b5%d0%ba%d0%bb%d0%b0%d0%b4%d0%b5%d0%bd%d0%be\\\/\"]}]},{\"@type\":\"ImageObject\",\"inLanguage\":\"lt-LT\",\"@id\":\"https:\\\/\\\/masterbase.com\\\/uk\\\/%d0%bc%d0%b0%d0%b1%d1%83%d1%82%d1%8c\\\/%d0%bc%d0%b0%d1%88%d0%b8%d0%bd%d0%be%d0%bf%d0%b5%d1%80%d0%b5%d0%ba%d0%bb%d0%b0%d0%b4%d0%b5%d0%bd%d0%be\\\/#primaryimage\",\"url\":\"https:\\\/\\\/masterbase.com\\\/es\\\/wp-content\\\/uploads\\\/2025\\\/01\\\/automata-ia-comb1.png\",\"contentUrl\":\"https:\\\/\\\/masterbase.com\\\/es\\\/wp-content\\\/uploads\\\/2025\\\/01\\\/automata-ia-comb1.png\"},{\"@type\":\"BreadcrumbList\",\"@id\":\"https:\\\/\\\/masterbase.com\\\/uk\\\/%d0%bc%d0%b0%d0%b1%d1%83%d1%82%d1%8c\\\/%d0%bc%d0%b0%d1%88%d0%b8%d0%bd%d0%be%d0%bf%d0%b5%d1%80%d0%b5%d0%ba%d0%bb%d0%b0%d0%b4%d0%b5%d0%bd%d0%be\\\/#breadcrumb\",\"itemListElement\":[{\"@type\":\"ListItem\",\"position\":1,\"name\":\"Portada\",\"item\":\"https:\\\/\\\/masterbase.com\\\/hu\\\/\"},{\"@type\":\"ListItem\",\"position\":2,\"name\":\"MasterBase\u00ae Aut\u00f3matas que trabajan para ti\",\"item\":\"https:\\\/\\\/masterbase.com\\\/hu\\\/\"},{\"@type\":\"ListItem\",\"position\":3,\"name\":\"machinetranslated\"}]},{\"@type\":\"WebSite\",\"@id\":\"https:\\\/\\\/masterbase.com\\\/es\\\/#website\",\"url\":\"https:\\\/\\\/masterbase.com\\\/es\\\/\",\"name\":\"MasterBase\u00ae\",\"description\":\"Automatas that work for you\",\"publisher\":{\"@id\":\"https:\\\/\\\/masterbase.com\\\/es\\\/#organization\"},\"potentialAction\":[{\"@type\":\"SearchAction\",\"target\":{\"@type\":\"EntryPoint\",\"urlTemplate\":\"https:\\\/\\\/masterbase.com\\\/es\\\/?s={search_term_string}\"},\"query-input\":{\"@type\":\"PropertyValueSpecification\",\"valueRequired\":true,\"valueName\":\"search_term_string\"}}],\"inLanguage\":\"lt-LT\"},{\"@type\":\"Organization\",\"@id\":\"https:\\\/\\\/masterbase.com\\\/es\\\/#organization\",\"name\":\"MasterBase\u00ae\",\"url\":\"https:\\\/\\\/masterbase.com\\\/es\\\/\",\"logo\":{\"@type\":\"ImageObject\",\"inLanguage\":\"lt-LT\",\"@id\":\"https:\\\/\\\/masterbase.com\\\/es\\\/#\\\/schema\\\/logo\\\/image\\\/\",\"url\":\"https:\\\/\\\/i0.wp.com\\\/masterbase.com\\\/wp-content\\\/uploads\\\/2023\\\/09\\\/Logo_negro_sinslogan.png?fit=1476%2C972&ssl=1\",\"contentUrl\":\"https:\\\/\\\/i0.wp.com\\\/masterbase.com\\\/wp-content\\\/uploads\\\/2023\\\/09\\\/Logo_negro_sinslogan.png?fit=1476%2C972&ssl=1\",\"width\":1476,\"height\":972,\"caption\":\"MasterBase\u00ae\"},\"image\":{\"@id\":\"https:\\\/\\\/masterbase.com\\\/es\\\/#\\\/schema\\\/logo\\\/image\\\/\"}}]}<\/script>\n<!-- \/ Yoast SEO plugin. -->","yoast_head_json":{"title":"ma\u0161ininis vertimas \u2013 MasterBase\u00ae","robots":{"index":"index","follow":"follow","max-snippet":"max-snippet:-1","max-image-preview":"max-image-preview:large","max-video-preview":"max-video-preview:-1"},"canonical":"https:\/\/masterbase.com\/lt\/mb\/masininis-vertimas\/","og_locale":"lt_LT","og_type":"article","og_title":"machinetranslated - MasterBase\u00ae","og_description":"Las traducciones son generadas por un sistema automatizado con inteligencia artificial externo a MasterBase\u00ae y pueden contener imprecisiones o errores de interpretaci\u00f3n. En caso de discrepancia, la versi\u00f3n original en espa\u00f1ol e ingl\u00e9s se consideran las \u00fanicas oficiales y vinculantes.","og_url":"https:\/\/masterbase.com\/lt\/mb\/masininis-vertimas\/","og_site_name":"MasterBase\u00ae","article_modified_time":"2026-04-11T22:55:51+00:00","og_image":[{"url":"https:\/\/masterbase.com\/es\/wp-content\/uploads\/2025\/01\/automata-ia-comb1.png","type":"","width":"","height":""}],"twitter_card":"summary_large_image","twitter_misc":{"Est. reading time":"1 minut\u0117"},"schema":{"@context":"https:\/\/schema.org","@graph":[{"@type":"WebPage","@id":"https:\/\/masterbase.com\/uk\/%d0%bc%d0%b0%d0%b1%d1%83%d1%82%d1%8c\/%d0%bc%d0%b0%d1%88%d0%b8%d0%bd%d0%be%d0%bf%d0%b5%d1%80%d0%b5%d0%ba%d0%bb%d0%b0%d0%b4%d0%b5%d0%bd%d0%be\/","url":"https:\/\/masterbase.com\/uk\/%d0%bc%d0%b0%d0%b1%d1%83%d1%82%d1%8c\/%d0%bc%d0%b0%d1%88%d0%b8%d0%bd%d0%be%d0%bf%d0%b5%d1%80%d0%b5%d0%ba%d0%bb%d0%b0%d0%b4%d0%b5%d0%bd%d0%be\/","name":"ma\u0161ininis vertimas \u2013 MasterBase\u00ae","isPartOf":{"@id":"https:\/\/masterbase.com\/es\/#website"},"primaryImageOfPage":{"@id":"https:\/\/masterbase.com\/uk\/%d0%bc%d0%b0%d0%b1%d1%83%d1%82%d1%8c\/%d0%bc%d0%b0%d1%88%d0%b8%d0%bd%d0%be%d0%bf%d0%b5%d1%80%d0%b5%d0%ba%d0%bb%d0%b0%d0%b4%d0%b5%d0%bd%d0%be\/#primaryimage"},"image":{"@id":"https:\/\/masterbase.com\/uk\/%d0%bc%d0%b0%d0%b1%d1%83%d1%82%d1%8c\/%d0%bc%d0%b0%d1%88%d0%b8%d0%bd%d0%be%d0%bf%d0%b5%d1%80%d0%b5%d0%ba%d0%bb%d0%b0%d0%b4%d0%b5%d0%bd%d0%be\/#primaryimage"},"thumbnailUrl":"https:\/\/masterbase.com\/es\/wp-content\/uploads\/2025\/01\/automata-ia-comb1.png","datePublished":"2025-10-24T13:14:49+00:00","dateModified":"2026-04-11T22:55:51+00:00","breadcrumb":{"@id":"https:\/\/masterbase.com\/uk\/%d0%bc%d0%b0%d0%b1%d1%83%d1%82%d1%8c\/%d0%bc%d0%b0%d1%88%d0%b8%d0%bd%d0%be%d0%bf%d0%b5%d1%80%d0%b5%d0%ba%d0%bb%d0%b0%d0%b4%d0%b5%d0%bd%d0%be\/#breadcrumb"},"inLanguage":"lt-LT","potentialAction":[{"@type":"ReadAction","target":["https:\/\/masterbase.com\/uk\/%d0%bc%d0%b0%d0%b1%d1%83%d1%82%d1%8c\/%d0%bc%d0%b0%d1%88%d0%b8%d0%bd%d0%be%d0%bf%d0%b5%d1%80%d0%b5%d0%ba%d0%bb%d0%b0%d0%b4%d0%b5%d0%bd%d0%be\/"]}]},{"@type":"ImageObject","inLanguage":"lt-LT","@id":"https:\/\/masterbase.com\/uk\/%d0%bc%d0%b0%d0%b1%d1%83%d1%82%d1%8c\/%d0%bc%d0%b0%d1%88%d0%b8%d0%bd%d0%be%d0%bf%d0%b5%d1%80%d0%b5%d0%ba%d0%bb%d0%b0%d0%b4%d0%b5%d0%bd%d0%be\/#primaryimage","url":"https:\/\/masterbase.com\/es\/wp-content\/uploads\/2025\/01\/automata-ia-comb1.png","contentUrl":"https:\/\/masterbase.com\/es\/wp-content\/uploads\/2025\/01\/automata-ia-comb1.png"},{"@type":"BreadcrumbList","@id":"https:\/\/masterbase.com\/uk\/%d0%bc%d0%b0%d0%b1%d1%83%d1%82%d1%8c\/%d0%bc%d0%b0%d1%88%d0%b8%d0%bd%d0%be%d0%bf%d0%b5%d1%80%d0%b5%d0%ba%d0%bb%d0%b0%d0%b4%d0%b5%d0%bd%d0%be\/#breadcrumb","itemListElement":[{"@type":"ListItem","position":1,"name":"Portada","item":"https:\/\/masterbase.com\/hu\/"},{"@type":"ListItem","position":2,"name":"MasterBase\u00ae Aut\u00f3matas que trabajan para ti","item":"https:\/\/masterbase.com\/hu\/"},{"@type":"ListItem","position":3,"name":"machinetranslated"}]},{"@type":"WebSite","@id":"https:\/\/masterbase.com\/es\/#website","url":"https:\/\/masterbase.com\/es\/","name":"MasterBase\u00ae","description":"Automatai, kurie dirba jums","publisher":{"@id":"https:\/\/masterbase.com\/es\/#organization"},"potentialAction":[{"@type":"SearchAction","target":{"@type":"EntryPoint","urlTemplate":"https:\/\/masterbase.com\/es\/?s={search_term_string}"},"query-input":{"@type":"PropertyValueSpecification","valueRequired":true,"valueName":"search_term_string"}}],"inLanguage":"lt-LT"},{"@type":"Organization","@id":"https:\/\/masterbase.com\/es\/#organization","name":"MasterBase\u00ae","url":"https:\/\/masterbase.com\/es\/","logo":{"@type":"ImageObject","inLanguage":"lt-LT","@id":"https:\/\/masterbase.com\/es\/#\/schema\/logo\/image\/","url":"https:\/\/i0.wp.com\/masterbase.com\/wp-content\/uploads\/2023\/09\/Logo_negro_sinslogan.png?fit=1476%2C972&ssl=1","contentUrl":"https:\/\/i0.wp.com\/masterbase.com\/wp-content\/uploads\/2023\/09\/Logo_negro_sinslogan.png?fit=1476%2C972&ssl=1","width":1476,"height":972,"caption":"MasterBase\u00ae"},"image":{"@id":"https:\/\/masterbase.com\/es\/#\/schema\/logo\/image\/"}}]}},"jetpack_likes_enabled":false,"jetpack_sharing_enabled":true,"jetpack_shortlink":"https:\/\/wp.me\/Pf6Ilf-6qn","_links":{"self":[{"href":"https:\/\/masterbase.com\/lt\/wp-json\/wp\/v2\/pages\/24699","targetHints":{"allow":["GET"]}}],"collection":[{"href":"https:\/\/masterbase.com\/lt\/wp-json\/wp\/v2\/pages"}],"about":[{"href":"https:\/\/masterbase.com\/lt\/wp-json\/wp\/v2\/types\/page"}],"author":[{"embeddable":true,"href":"https:\/\/masterbase.com\/lt\/wp-json\/wp\/v2\/users\/239642484"}],"replies":[{"embeddable":true,"href":"https:\/\/masterbase.com\/lt\/wp-json\/wp\/v2\/comments?post=24699"}],"version-history":[{"count":11,"href":"https:\/\/masterbase.com\/lt\/wp-json\/wp\/v2\/pages\/24699\/revisions"}],"predecessor-version":[{"id":29218,"href":"https:\/\/masterbase.com\/lt\/wp-json\/wp\/v2\/pages\/24699\/revisions\/29218"}],"up":[{"embeddable":true,"href":"https:\/\/masterbase.com\/lt\/wp-json\/wp\/v2\/pages\/7462"}],"wp:attachment":[{"href":"https:\/\/masterbase.com\/lt\/wp-json\/wp\/v2\/media?parent=24699"}],"curies":[{"name":"wp","href":"https:\/\/api.w.org\/{rel}","templated":true}]}}