{"id":9008,"date":"2024-01-23T12:52:03","date_gmt":"2024-01-23T10:52:03","guid":{"rendered":"https:\/\/masterbase.com\/es\/es\/es\/es\/?page_id=9008"},"modified":"2025-07-31T15:28:29","modified_gmt":"2025-07-31T12:28:29","slug":"video-automata","status":"publish","type":"page","link":"https:\/\/masterbase.com\/id\/mb\/videos-automatas\/","title":{"rendered":"Video Automata"},"content":{"rendered":"<div data-elementor-type=\"wp-page\" data-elementor-id=\"9008\" class=\"elementor elementor-9008\" data-elementor-post-type=\"page\">\n\t\t\t\t<div class=\"elementor-element elementor-element-38519bf e-flex e-con-boxed e-con e-parent\" data-id=\"38519bf\" data-element_type=\"container\" data-e-type=\"container\">\n\t\t\t\t\t<div class=\"e-con-inner\">\n\t\t\t\t<div class=\"elementor-element elementor-element-15267c2 elementor-widget elementor-widget-spacer\" data-id=\"15267c2\" data-element_type=\"widget\" data-e-type=\"widget\" data-widget_type=\"spacer.default\">\n\t\t\t\t<div class=\"elementor-widget-container\">\n\t\t\t\t\t\t\t<div class=\"elementor-spacer\">\n\t\t\t<div class=\"elementor-spacer-inner\"><\/div>\n\t\t<\/div>\n\t\t\t\t\t\t<\/div>\n\t\t\t\t<\/div>\n\t\t\t\t<div class=\"elementor-element elementor-element-0c7e2d4 elementor-widget elementor-widget-image\" data-id=\"0c7e2d4\" data-element_type=\"widget\" data-e-type=\"widget\" data-widget_type=\"image.default\">\n\t\t\t\t<div class=\"elementor-widget-container\">\n\t\t\t\t\t\t\t\t\t\t\t\t\t\t\t\t<a href=\"https:\/\/publicsmartview.masterbase.com\/v1\/65c4f4ab6fb3624e7b3bb4f0\/\">\n\t\t\t\t\t\t\t<img fetchpriority=\"high\" decoding=\"async\" data-attachment-id=\"9015\" data-permalink=\"https:\/\/masterbase.com\/id\/mb\/videos-automatas\/video-automatas\/\" data-orig-file=\"https:\/\/i0.wp.com\/masterbase.com\/wp-content\/uploads\/2024\/01\/Video-Automatas.png?fit=1262%2C711&amp;ssl=1\" data-orig-size=\"1262,711\" data-comments-opened=\"1\" data-image-meta=\"{&quot;aperture&quot;:&quot;0&quot;,&quot;credit&quot;:&quot;&quot;,&quot;camera&quot;:&quot;&quot;,&quot;caption&quot;:&quot;&quot;,&quot;created_timestamp&quot;:&quot;0&quot;,&quot;copyright&quot;:&quot;&quot;,&quot;focal_length&quot;:&quot;0&quot;,&quot;iso&quot;:&quot;0&quot;,&quot;shutter_speed&quot;:&quot;0&quot;,&quot;title&quot;:&quot;&quot;,&quot;orientation&quot;:&quot;0&quot;}\" data-image-title=\"Video Automatas\" data-image-description=\"\" data-image-caption=\"\" data-large-file=\"https:\/\/i0.wp.com\/masterbase.com\/wp-content\/uploads\/2024\/01\/Video-Automatas.png?fit=800%2C451&amp;ssl=1\" width=\"800\" height=\"451\" src=\"https:\/\/i0.wp.com\/masterbase.com\/wp-content\/uploads\/2024\/01\/Video-Automatas.png?fit=800%2C451&amp;ssl=1\" class=\"attachment-large size-large wp-image-9015\" alt=\"Video Automatas\" srcset=\"https:\/\/i0.wp.com\/masterbase.com\/wp-content\/uploads\/2024\/01\/Video-Automatas.png?w=1262&amp;ssl=1 1262w, https:\/\/i0.wp.com\/masterbase.com\/wp-content\/uploads\/2024\/01\/Video-Automatas.png?resize=300%2C169&amp;ssl=1 300w, https:\/\/i0.wp.com\/masterbase.com\/wp-content\/uploads\/2024\/01\/Video-Automatas.png?resize=1024%2C577&amp;ssl=1 1024w, https:\/\/i0.wp.com\/masterbase.com\/wp-content\/uploads\/2024\/01\/Video-Automatas.png?resize=768%2C433&amp;ssl=1 768w, https:\/\/i0.wp.com\/masterbase.com\/wp-content\/uploads\/2024\/01\/Video-Automatas.png?resize=18%2C10&amp;ssl=1 18w\" sizes=\"(max-width: 800px) 100vw, 800px\" \/>\t\t\t\t\t\t\t\t<\/a>\n\t\t\t\t\t\t\t\t\t\t\t\t\t\t\t<\/div>\n\t\t\t\t<\/div>\n\t\t\t\t\t<\/div>\n\t\t\t\t<\/div>\n\t\t<div class=\"elementor-element elementor-element-fbd0608 e-flex e-con-boxed e-con e-parent\" data-id=\"fbd0608\" data-element_type=\"container\" data-e-type=\"container\">\n\t\t\t\t\t<div class=\"e-con-inner\">\n\t\t\t\t<div class=\"elementor-element elementor-element-c40b488 elementor-widget elementor-widget-spacer\" data-id=\"c40b488\" data-element_type=\"widget\" data-e-type=\"widget\" data-widget_type=\"spacer.default\">\n\t\t\t\t<div class=\"elementor-widget-container\">\n\t\t\t\t\t\t\t<div class=\"elementor-spacer\">\n\t\t\t<div class=\"elementor-spacer-inner\"><\/div>\n\t\t<\/div>\n\t\t\t\t\t\t<\/div>\n\t\t\t\t<\/div>\n\t\t\t\t<div class=\"elementor-element elementor-element-d5e5bdd elementor-widget elementor-widget-image\" data-id=\"d5e5bdd\" data-element_type=\"widget\" data-e-type=\"widget\" data-widget_type=\"image.default\">\n\t\t\t\t<div class=\"elementor-widget-container\">\n\t\t\t\t\t\t\t\t\t\t\t\t\t\t\t\t<a href=\"https:\/\/publicsmartview.masterbase.com\/v1\/649bf5441d97ecf34384a1ba\/\">\n\t\t\t\t\t\t\t<img decoding=\"async\" data-attachment-id=\"9018\" data-permalink=\"https:\/\/masterbase.com\/id\/mb\/videos-automatas\/nuevo-home-page\/\" data-orig-file=\"https:\/\/i0.wp.com\/masterbase.com\/wp-content\/uploads\/2024\/01\/Nuevo-Home-Page.png?fit=1266%2C711&amp;ssl=1\" data-orig-size=\"1266,711\" data-comments-opened=\"1\" data-image-meta=\"{&quot;aperture&quot;:&quot;0&quot;,&quot;credit&quot;:&quot;&quot;,&quot;camera&quot;:&quot;&quot;,&quot;caption&quot;:&quot;&quot;,&quot;created_timestamp&quot;:&quot;0&quot;,&quot;copyright&quot;:&quot;&quot;,&quot;focal_length&quot;:&quot;0&quot;,&quot;iso&quot;:&quot;0&quot;,&quot;shutter_speed&quot;:&quot;0&quot;,&quot;title&quot;:&quot;&quot;,&quot;orientation&quot;:&quot;0&quot;}\" data-image-title=\"Nuevo Home Page\" data-image-description=\"\" data-image-caption=\"\" data-large-file=\"https:\/\/i0.wp.com\/masterbase.com\/wp-content\/uploads\/2024\/01\/Nuevo-Home-Page.png?fit=800%2C449&amp;ssl=1\" width=\"800\" height=\"449\" src=\"https:\/\/i0.wp.com\/masterbase.com\/wp-content\/uploads\/2024\/01\/Nuevo-Home-Page.png?fit=800%2C449&amp;ssl=1\" class=\"attachment-large size-large wp-image-9018\" alt=\"Halaman Beranda Baru\" srcset=\"https:\/\/i0.wp.com\/masterbase.com\/wp-content\/uploads\/2024\/01\/Nuevo-Home-Page.png?w=1266&amp;ssl=1 1266w, https:\/\/i0.wp.com\/masterbase.com\/wp-content\/uploads\/2024\/01\/Nuevo-Home-Page.png?resize=300%2C168&amp;ssl=1 300w, https:\/\/i0.wp.com\/masterbase.com\/wp-content\/uploads\/2024\/01\/Nuevo-Home-Page.png?resize=1024%2C575&amp;ssl=1 1024w, https:\/\/i0.wp.com\/masterbase.com\/wp-content\/uploads\/2024\/01\/Nuevo-Home-Page.png?resize=768%2C431&amp;ssl=1 768w, https:\/\/i0.wp.com\/masterbase.com\/wp-content\/uploads\/2024\/01\/Nuevo-Home-Page.png?resize=18%2C10&amp;ssl=1 18w\" sizes=\"(max-width: 800px) 100vw, 800px\" \/>\t\t\t\t\t\t\t\t<\/a>\n\t\t\t\t\t\t\t\t\t\t\t\t\t\t\t<\/div>\n\t\t\t\t<\/div>\n\t\t\t\t\t<\/div>\n\t\t\t\t<\/div>\n\t\t\t\t<\/div>","protected":false},"excerpt":{"rendered":"","protected":false},"author":239642484,"featured_media":0,"parent":7462,"menu_order":101,"comment_status":"closed","ping_status":"closed","template":"","meta":{"_crdt_document":"","jetpack_post_was_ever_published":false,"footnotes":""},"class_list":["post-9008","page","type-page","status-publish","hentry"],"yoast_head":"<!-- This site is optimized with the Yoast SEO plugin v27.3 - https:\/\/yoast.com\/product\/yoast-seo-wordpress\/ -->\n<title>Videos Aut\u00f3matas - MasterBase\u00ae<\/title>\n<meta name=\"description\" content=\"Hay una mejor manera.Aut\u00f3matas que trabajan para ti\" \/>\n<meta name=\"robots\" content=\"index, follow, max-snippet:-1, max-image-preview:large, max-video-preview:-1\" \/>\n<link rel=\"canonical\" href=\"https:\/\/masterbase.com\/id\/mb\/video-automata\/\" \/>\n<meta property=\"og:locale\" content=\"id_ID\" \/>\n<meta property=\"og:type\" content=\"article\" \/>\n<meta property=\"og:title\" content=\"Videos Aut\u00f3matas - MasterBase\u00ae\" \/>\n<meta property=\"og:description\" content=\"Hay una mejor manera.Aut\u00f3matas que trabajan para ti\" \/>\n<meta property=\"og:url\" content=\"https:\/\/masterbase.com\/id\/mb\/video-automata\/\" \/>\n<meta property=\"og:site_name\" content=\"MasterBase\u00ae\" \/>\n<meta property=\"article:modified_time\" content=\"2025-07-31T12:28:29+00:00\" \/>\n<meta property=\"og:image\" content=\"https:\/\/masterbase.com\/es\/es\/wp-content\/uploads\/2024\/01\/Video-Automatas-1024x577.png\" \/>\n<meta name=\"twitter:card\" content=\"summary_large_image\" \/>\n<meta name=\"twitter:label1\" content=\"Estimasi waktu membaca\" \/>\n\t<meta name=\"twitter:data1\" content=\"1 menit\" \/>\n<script type=\"application\/ld+json\" class=\"yoast-schema-graph\">{\"@context\":\"https:\\\/\\\/schema.org\",\"@graph\":[{\"@type\":\"WebPage\",\"@id\":\"https:\\\/\\\/masterbase.com\\\/it\\\/mb\\\/automi-video\\\/\",\"url\":\"https:\\\/\\\/masterbase.com\\\/it\\\/mb\\\/automi-video\\\/\",\"name\":\"Videos Aut\u00f3matas - MasterBase\u00ae\",\"isPartOf\":{\"@id\":\"https:\\\/\\\/masterbase.com\\\/it\\\/#website\"},\"primaryImageOfPage\":{\"@id\":\"https:\\\/\\\/masterbase.com\\\/it\\\/mb\\\/automi-video\\\/#primaryimage\"},\"image\":{\"@id\":\"https:\\\/\\\/masterbase.com\\\/it\\\/mb\\\/automi-video\\\/#primaryimage\"},\"thumbnailUrl\":\"https:\\\/\\\/masterbase.com\\\/es\\\/es\\\/wp-content\\\/uploads\\\/2024\\\/01\\\/Video-Automatas-1024x577.png\",\"datePublished\":\"2024-01-23T10:52:03+00:00\",\"dateModified\":\"2025-07-31T12:28:29+00:00\",\"description\":\"Hay una mejor manera.Aut\u00f3matas que trabajan para ti\",\"breadcrumb\":{\"@id\":\"https:\\\/\\\/masterbase.com\\\/it\\\/mb\\\/automi-video\\\/#breadcrumb\"},\"inLanguage\":\"id\",\"potentialAction\":[{\"@type\":\"ReadAction\",\"target\":[\"https:\\\/\\\/masterbase.com\\\/it\\\/mb\\\/automi-video\\\/\"]}]},{\"@type\":\"ImageObject\",\"inLanguage\":\"id\",\"@id\":\"https:\\\/\\\/masterbase.com\\\/it\\\/mb\\\/automi-video\\\/#primaryimage\",\"url\":\"https:\\\/\\\/masterbase.com\\\/es\\\/es\\\/wp-content\\\/uploads\\\/2024\\\/01\\\/Video-Automatas-1024x577.png\",\"contentUrl\":\"https:\\\/\\\/masterbase.com\\\/es\\\/es\\\/wp-content\\\/uploads\\\/2024\\\/01\\\/Video-Automatas-1024x577.png\"},{\"@type\":\"BreadcrumbList\",\"@id\":\"https:\\\/\\\/masterbase.com\\\/it\\\/mb\\\/automi-video\\\/#breadcrumb\",\"itemListElement\":[{\"@type\":\"ListItem\",\"position\":1,\"name\":\"Portada\",\"item\":\"https:\\\/\\\/masterbase.com\\\/es\\\/\"},{\"@type\":\"ListItem\",\"position\":2,\"name\":\"MasterBase\u00ae Aut\u00f3matas que trabajan para ti\",\"item\":\"https:\\\/\\\/masterbase.com\\\/es\\\/\"},{\"@type\":\"ListItem\",\"position\":3,\"name\":\"Videos Aut\u00f3matas\"}]},{\"@type\":\"WebSite\",\"@id\":\"https:\\\/\\\/masterbase.com\\\/it\\\/#website\",\"url\":\"https:\\\/\\\/masterbase.com\\\/it\\\/\",\"name\":\"MasterBase\u00ae\",\"description\":\"Automatas that work for you\",\"publisher\":{\"@id\":\"https:\\\/\\\/masterbase.com\\\/it\\\/#organization\"},\"potentialAction\":[{\"@type\":\"SearchAction\",\"target\":{\"@type\":\"EntryPoint\",\"urlTemplate\":\"https:\\\/\\\/masterbase.com\\\/it\\\/?s={search_term_string}\"},\"query-input\":{\"@type\":\"PropertyValueSpecification\",\"valueRequired\":true,\"valueName\":\"search_term_string\"}}],\"inLanguage\":\"id\"},{\"@type\":\"Organization\",\"@id\":\"https:\\\/\\\/masterbase.com\\\/it\\\/#organization\",\"name\":\"MasterBase\u00ae\",\"url\":\"https:\\\/\\\/masterbase.com\\\/it\\\/\",\"logo\":{\"@type\":\"ImageObject\",\"inLanguage\":\"id\",\"@id\":\"https:\\\/\\\/masterbase.com\\\/it\\\/#\\\/schema\\\/logo\\\/image\\\/\",\"url\":\"https:\\\/\\\/i0.wp.com\\\/masterbase.com\\\/wp-content\\\/uploads\\\/2023\\\/09\\\/BLANCO-Logo-Futuravix-ESP-202510.2.png?fit=500%2C500&ssl=1\",\"contentUrl\":\"https:\\\/\\\/i0.wp.com\\\/masterbase.com\\\/wp-content\\\/uploads\\\/2023\\\/09\\\/BLANCO-Logo-Futuravix-ESP-202510.2.png?fit=500%2C500&ssl=1\",\"width\":500,\"height\":500,\"caption\":\"MasterBase\u00ae\"},\"image\":{\"@id\":\"https:\\\/\\\/masterbase.com\\\/it\\\/#\\\/schema\\\/logo\\\/image\\\/\"}}]}<\/script>\n<!-- \/ Yoast SEO plugin. -->","yoast_head_json":{"title":"Video Automaton - MasterBase\u00ae - MasterBase","description":"Ada cara yang lebih baik: Automaton yang bekerja untuk Anda.","robots":{"index":"index","follow":"follow","max-snippet":"max-snippet:-1","max-image-preview":"max-image-preview:large","max-video-preview":"max-video-preview:-1"},"canonical":"https:\/\/masterbase.com\/id\/mb\/video-automata\/","og_locale":"id_ID","og_type":"article","og_title":"Videos Aut\u00f3matas - MasterBase\u00ae","og_description":"Hay una mejor manera.Aut\u00f3matas que trabajan para ti","og_url":"https:\/\/masterbase.com\/id\/mb\/video-automata\/","og_site_name":"MasterBase\u00ae","article_modified_time":"2025-07-31T12:28:29+00:00","og_image":[{"url":"https:\/\/masterbase.com\/es\/es\/wp-content\/uploads\/2024\/01\/Video-Automatas-1024x577.png","type":"","width":"","height":""}],"twitter_card":"summary_large_image","twitter_misc":{"Estimasi waktu membaca":"1 menit"},"schema":{"@context":"https:\/\/schema.org","@graph":[{"@type":"WebPage","@id":"https:\/\/masterbase.com\/it\/mb\/automi-video\/","url":"https:\/\/masterbase.com\/it\/mb\/automi-video\/","name":"Video Automaton - MasterBase\u00ae - MasterBase","isPartOf":{"@id":"https:\/\/masterbase.com\/it\/#website"},"primaryImageOfPage":{"@id":"https:\/\/masterbase.com\/it\/mb\/automi-video\/#primaryimage"},"image":{"@id":"https:\/\/masterbase.com\/it\/mb\/automi-video\/#primaryimage"},"thumbnailUrl":"https:\/\/masterbase.com\/es\/es\/wp-content\/uploads\/2024\/01\/Video-Automatas-1024x577.png","datePublished":"2024-01-23T10:52:03+00:00","dateModified":"2025-07-31T12:28:29+00:00","description":"Ada cara yang lebih baik: Automaton yang bekerja untuk Anda.","breadcrumb":{"@id":"https:\/\/masterbase.com\/it\/mb\/automi-video\/#breadcrumb"},"inLanguage":"id","potentialAction":[{"@type":"ReadAction","target":["https:\/\/masterbase.com\/it\/mb\/automi-video\/"]}]},{"@type":"ImageObject","inLanguage":"id","@id":"https:\/\/masterbase.com\/it\/mb\/automi-video\/#primaryimage","url":"https:\/\/masterbase.com\/es\/es\/wp-content\/uploads\/2024\/01\/Video-Automatas-1024x577.png","contentUrl":"https:\/\/masterbase.com\/es\/es\/wp-content\/uploads\/2024\/01\/Video-Automatas-1024x577.png"},{"@type":"BreadcrumbList","@id":"https:\/\/masterbase.com\/it\/mb\/automi-video\/#breadcrumb","itemListElement":[{"@type":"ListItem","position":1,"name":"Portada","item":"https:\/\/masterbase.com\/es\/"},{"@type":"ListItem","position":2,"name":"MasterBase\u00ae Aut\u00f3matas que trabajan para ti","item":"https:\/\/masterbase.com\/es\/"},{"@type":"ListItem","position":3,"name":"Videos Aut\u00f3matas"}]},{"@type":"WebSite","@id":"https:\/\/masterbase.com\/it\/#website","url":"https:\/\/masterbase.com\/it\/","name":"MasterBase\u00ae","description":"Automata yang bekerja untuk Anda","publisher":{"@id":"https:\/\/masterbase.com\/it\/#organization"},"potentialAction":[{"@type":"SearchAction","target":{"@type":"EntryPoint","urlTemplate":"https:\/\/masterbase.com\/it\/?s={search_term_string}"},"query-input":{"@type":"PropertyValueSpecification","valueRequired":true,"valueName":"search_term_string"}}],"inLanguage":"id"},{"@type":"Organization","@id":"https:\/\/masterbase.com\/it\/#organization","name":"MasterBase\u00ae","url":"https:\/\/masterbase.com\/it\/","logo":{"@type":"ImageObject","inLanguage":"id","@id":"https:\/\/masterbase.com\/it\/#\/schema\/logo\/image\/","url":"https:\/\/i0.wp.com\/masterbase.com\/wp-content\/uploads\/2023\/09\/BLANCO-Logo-Futuravix-ESP-202510.2.png?fit=500%2C500&ssl=1","contentUrl":"https:\/\/i0.wp.com\/masterbase.com\/wp-content\/uploads\/2023\/09\/BLANCO-Logo-Futuravix-ESP-202510.2.png?fit=500%2C500&ssl=1","width":500,"height":500,"caption":"MasterBase\u00ae"},"image":{"@id":"https:\/\/masterbase.com\/it\/#\/schema\/logo\/image\/"}}]}},"jetpack_likes_enabled":false,"jetpack_sharing_enabled":true,"jetpack_shortlink":"https:\/\/wp.me\/Pf6Ilf-2li","jetpack-related-posts":[{"id":74,"url":"https:\/\/masterbase.com\/id\/mb\/nosotros\/","url_meta":{"origin":9008,"position":0},"title":"Kami","author":"Alejandro Dur\u00e1n","date":"September 18, 2023","format":false,"excerpt":"Nosotros Creemos en el potencial sin l\u00edmites de la automatizaci\u00f3n de procesos que transformar\u00e1 nuestra forma de trabajar. Contacta a un ejecutivo Document Ver Video Nosotros Creemos en el potencial sin l\u00edmites de la automatizaci\u00f3n de procesos que transformar\u00e1 nuestra forma de trabajar. Contacta un ejecutivo Es por eso que\u2026","rel":"","context":"Postingan serupa","block_context":{"text":"Postingan serupa","link":""},"img":{"alt_text":"Automatas","src":"https:\/\/i0.wp.com\/masterbase.com\/es\/wp-content\/uploads\/2023\/11\/imagen-removebg-preview-1.png?resize=350%2C200&ssl=1","width":350,"height":200,"srcset":"https:\/\/i0.wp.com\/masterbase.com\/es\/wp-content\/uploads\/2023\/11\/imagen-removebg-preview-1.png?resize=350%2C200&ssl=1 1x, https:\/\/i0.wp.com\/masterbase.com\/es\/wp-content\/uploads\/2023\/11\/imagen-removebg-preview-1.png?resize=525%2C300&ssl=1 1.5x, https:\/\/i0.wp.com\/masterbase.com\/es\/wp-content\/uploads\/2023\/11\/imagen-removebg-preview-1.png?resize=700%2C400&ssl=1 2x"},"classes":[]},{"id":804,"url":"https:\/\/masterbase.com\/id\/mb\/usa-soluciones\/","url_meta":{"origin":9008,"position":1},"title":"Menggunakan Solusi Otomasi","author":"Alejandro Dur\u00e1n","date":"September 27, 2023","format":false,"excerpt":"Utiliza soluciones Utiliza soluciones y pon Aut\u00f3matas a trabajar para ti, a tu medida, de acuerdo con tus necesidades espec\u00edficas Contacta a un ejecutivo Document Ver Video Utiliza soluciones Utiliza soluciones y pon Aut\u00f3matas a trabajar para ti, a tu medida, de acuerdo con tus necesidades espec\u00edficas Contacta un ejecutivo\u2026","rel":"","context":"Postingan serupa","block_context":{"text":"Postingan serupa","link":""},"img":{"alt_text":"Utiliza Soluciones","src":"https:\/\/i0.wp.com\/masterbase.com\/es\/wp-content\/uploads\/2025\/01\/automata-comb-1.png?resize=350%2C200&ssl=1","width":350,"height":200,"srcset":"https:\/\/i0.wp.com\/masterbase.com\/es\/wp-content\/uploads\/2025\/01\/automata-comb-1.png?resize=350%2C200&ssl=1 1x, https:\/\/i0.wp.com\/masterbase.com\/es\/wp-content\/uploads\/2025\/01\/automata-comb-1.png?resize=525%2C300&ssl=1 1.5x"},"classes":[]},{"id":1062,"url":"https:\/\/masterbase.com\/id\/mb\/nosotros\/que-nos-hace-diferente\/","url_meta":{"origin":9008,"position":2},"title":"Apa yang membuat kami berbeda","author":"Alejandro Dur\u00e1n","date":"September 30, 2023","format":false,"excerpt":"Qu\u00e9 nos hace diferentes En MasterBase\u00ae, sabemos que hoy las personasdesean una mejor\u00a0calidad de vida. Contacta a un ejecutivo Document Ver Video Qu\u00e9 nos hace diferentes En MasterBase\u00ae, creemos que hoy las personasdesean una mejor\u00a0calidad de vida. Contacta un ejecutivo En MasterBase\u00ae, sabemos que hoy las personas desean una mejor\u2026","rel":"","context":"Postingan serupa","block_context":{"text":"Postingan serupa","link":""},"img":{"alt_text":"estrategia Automatizaci\u00f3n","src":"https:\/\/i0.wp.com\/masterbase.com\/es\/wp-content\/uploads\/2023\/09\/Ilustracion-1.png?resize=350%2C200&ssl=1","width":350,"height":200},"classes":[]},{"id":10113,"url":"https:\/\/masterbase.com\/id\/mb\/lp-contacte-email-marketing\/","url_meta":{"origin":9008,"position":3},"title":"Hubungi kami Pemasaran Email","author":"Alejandro Dur\u00e1n","date":"Februari 15, 2024","format":false,"excerpt":"Cont\u00e1ctanos Completa el formulario y ser\u00e1s contactado por un especialista en automatizaci\u00f3n Contacta a un ejecutivo comercial Cont\u00e1ctanos Completa el formulario y ser\u00e1s contactado por un especialista en automatizaci\u00f3n Contacta a un ejecutivo comercial Pon Aut\u00f3matas a trabajar para ti, utilizando o creando soluciones Utiliza soluciones 1. Elige entre las\u2026","rel":"","context":"Postingan serupa","block_context":{"text":"Postingan serupa","link":""},"img":{"alt_text":"Video MasterBase","src":"https:\/\/i0.wp.com\/masterbase.com\/es\/es\/wp-content\/uploads\/2024\/01\/video_list_theme01.png?resize=350%2C200&ssl=1","width":350,"height":200,"srcset":"https:\/\/i0.wp.com\/masterbase.com\/es\/es\/wp-content\/uploads\/2024\/01\/video_list_theme01.png?resize=350%2C200&ssl=1 1x, https:\/\/i0.wp.com\/masterbase.com\/es\/es\/wp-content\/uploads\/2024\/01\/video_list_theme01.png?resize=525%2C300&ssl=1 1.5x, https:\/\/i0.wp.com\/masterbase.com\/es\/es\/wp-content\/uploads\/2024\/01\/video_list_theme01.png?resize=700%2C400&ssl=1 2x"},"classes":[]},{"id":27832,"url":"https:\/\/masterbase.com\/id\/home-page-mb-ws-2026\/automatizacion-producto\/","url_meta":{"origin":9008,"position":4},"title":"Automatizaci\u00f3n Producto","author":"Alejandro Dur\u00e1n","date":"Maret 2, 2026","format":false,"excerpt":"C\u00f3mo operan los Aut\u00f3matas a escala Dise\u00f1ados para ejecutar con continuidad, control y resultados predecibles en entornos cr\u00edticos. Document Ver Video Cada producto esta compuesto de Aut\u00f3matas inteligentes, configurados para resolver una necesidad concreta. En MasterBase\u00ae, cada producto del portafolio se ejecuta mediante Aut\u00f3matas configurados para operar con estructura, gobierno\u2026","rel":"","context":"Postingan serupa","block_context":{"text":"Postingan serupa","link":""},"img":{"alt_text":"Automatas que trabajan para ti","src":"https:\/\/i0.wp.com\/masterbase.com\/es\/wp-content\/uploads\/2025\/01\/Ilustraciones-fondos-6.png?resize=350%2C200&ssl=1","width":350,"height":200},"classes":[]},{"id":7462,"url":"https:\/\/masterbase.com\/id\/","url_meta":{"origin":9008,"position":5},"title":"MasterBase\u00ae Automatons yang sesuai untuk Anda","author":"Alejandro Dur\u00e1n","date":"Desember 28, 2023","format":false,"excerpt":"Hay una mejor manera. Aut\u00f3matas que trabajan para ti En MasterBase\u00ae te damos acceso a Aut\u00f3matas con m\u00faltiples habilidades, que te permitir\u00e1n aumentar tu productividad y mejorar tu calidad de vida Aprende m\u00e1s Document Ver Video Hay una mejor manera. Aut\u00f3matas que trabajan para ti En MasterBase\u00ae te damos acceso\u2026","rel":"","context":"Postingan serupa","block_context":{"text":"Postingan serupa","link":""},"img":{"alt_text":"Automatas que trabajan para ti","src":"https:\/\/i0.wp.com\/masterbase.com\/es\/wp-content\/uploads\/2025\/01\/Ilustraciones-fondos-1-2.png?resize=350%2C200&ssl=1","width":350,"height":200},"classes":[]}],"_links":{"self":[{"href":"https:\/\/masterbase.com\/id\/wp-json\/wp\/v2\/pages\/9008","targetHints":{"allow":["GET"]}}],"collection":[{"href":"https:\/\/masterbase.com\/id\/wp-json\/wp\/v2\/pages"}],"about":[{"href":"https:\/\/masterbase.com\/id\/wp-json\/wp\/v2\/types\/page"}],"author":[{"embeddable":true,"href":"https:\/\/masterbase.com\/id\/wp-json\/wp\/v2\/users\/239642484"}],"replies":[{"embeddable":true,"href":"https:\/\/masterbase.com\/id\/wp-json\/wp\/v2\/comments?post=9008"}],"version-history":[{"count":51,"href":"https:\/\/masterbase.com\/id\/wp-json\/wp\/v2\/pages\/9008\/revisions"}],"predecessor-version":[{"id":23034,"href":"https:\/\/masterbase.com\/id\/wp-json\/wp\/v2\/pages\/9008\/revisions\/23034"}],"up":[{"embeddable":true,"href":"https:\/\/masterbase.com\/id\/wp-json\/wp\/v2\/pages\/7462"}],"wp:attachment":[{"href":"https:\/\/masterbase.com\/id\/wp-json\/wp\/v2\/media?parent=9008"}],"curies":[{"name":"wp","href":"https:\/\/api.w.org\/{rel}","templated":true}]}}