{"id":3684,"date":"2023-11-03T19:32:44","date_gmt":"2023-11-03T17:32:44","guid":{"rendered":"https:\/\/masterbase.com\/es\/es\/es\/es\/?page_id=3684"},"modified":"2025-07-29T18:51:42","modified_gmt":"2025-07-29T15:51:42","slug":"login","status":"publish","type":"page","link":"https:\/\/masterbase.com\/en\/mb\/login\/","title":{"rendered":"Access page MasterBase changed."},"content":{"rendered":"<div data-elementor-type=\"wp-page\" data-elementor-id=\"3684\" class=\"elementor elementor-3684\" data-elementor-post-type=\"page\">\n\t\t\t\t<div class=\"elementor-element elementor-element-a525690 e-flex e-con-boxed e-con e-parent\" data-id=\"a525690\" data-element_type=\"container\" data-e-type=\"container\">\n\t\t\t\t\t<div class=\"e-con-inner\">\n\t\t\t\t<div class=\"elementor-element elementor-element-89fdb5e elementor-widget elementor-widget-spacer\" data-id=\"89fdb5e\" data-element_type=\"widget\" data-e-type=\"widget\" data-widget_type=\"spacer.default\">\n\t\t\t\t<div class=\"elementor-widget-container\">\n\t\t\t\t\t\t\t<div class=\"elementor-spacer\">\n\t\t\t<div class=\"elementor-spacer-inner\"><\/div>\n\t\t<\/div>\n\t\t\t\t\t\t<\/div>\n\t\t\t\t<\/div>\n\t\t\t\t<div class=\"elementor-element elementor-element-4585d51 elementor-widget elementor-widget-heading\" data-id=\"4585d51\" data-element_type=\"widget\" data-e-type=\"widget\" data-widget_type=\"heading.default\">\n\t\t\t\t<div class=\"elementor-widget-container\">\n\t\t\t\t\t<h3 class=\"elementor-heading-title elementor-size-default\">This login page has changed.\nPlease contact us at:<\/h3>\t\t\t\t<\/div>\n\t\t\t\t<\/div>\n\t\t\t\t<div class=\"elementor-element elementor-element-855af69 elementor-widget elementor-widget-spacer\" data-id=\"855af69\" data-element_type=\"widget\" data-e-type=\"widget\" data-widget_type=\"spacer.default\">\n\t\t\t\t<div class=\"elementor-widget-container\">\n\t\t\t\t\t\t\t<div class=\"elementor-spacer\">\n\t\t\t<div class=\"elementor-spacer-inner\"><\/div>\n\t\t<\/div>\n\t\t\t\t\t\t<\/div>\n\t\t\t\t<\/div>\n\t\t\t\t<div class=\"elementor-element elementor-element-41abd93 elementor-widget elementor-widget-spacer\" data-id=\"41abd93\" data-element_type=\"widget\" data-e-type=\"widget\" data-widget_type=\"spacer.default\">\n\t\t\t\t<div class=\"elementor-widget-container\">\n\t\t\t\t\t\t\t<div class=\"elementor-spacer\">\n\t\t\t<div class=\"elementor-spacer-inner\"><\/div>\n\t\t<\/div>\n\t\t\t\t\t\t<\/div>\n\t\t\t\t<\/div>\n\t\t\t\t<div class=\"elementor-element elementor-element-cd27526 elementor-widget elementor-widget-text-editor\" data-id=\"cd27526\" data-element_type=\"widget\" data-e-type=\"widget\" data-widget_type=\"text-editor.default\">\n\t\t\t\t<div class=\"elementor-widget-container\">\n\t\t\t\t\t\t\t\t\t<p><a href=\"https:\/\/login.masterbase.com\/\">https:\/\/login.masterbase.com\/<\/a><\/p>\t\t\t\t\t\t\t\t<\/div>\n\t\t\t\t<\/div>\n\t\t\t\t\t<\/div>\n\t\t\t\t<\/div>\n\t\t<div class=\"elementor-element elementor-element-11a0b1c e-flex e-con-boxed e-con e-parent\" data-id=\"11a0b1c\" data-element_type=\"container\" data-e-type=\"container\">\n\t\t\t\t\t<div class=\"e-con-inner\">\n\t\t\t\t<div class=\"elementor-element elementor-element-a7f8f1d elementor-widget elementor-widget-spacer\" data-id=\"a7f8f1d\" data-element_type=\"widget\" data-e-type=\"widget\" data-widget_type=\"spacer.default\">\n\t\t\t\t<div class=\"elementor-widget-container\">\n\t\t\t\t\t\t\t<div class=\"elementor-spacer\">\n\t\t\t<div class=\"elementor-spacer-inner\"><\/div>\n\t\t<\/div>\n\t\t\t\t\t\t<\/div>\n\t\t\t\t<\/div>\n\t\t\t\t\t<\/div>\n\t\t\t\t<\/div>\n\t\t\t\t<\/div>","protected":false},"excerpt":{"rendered":"<p>This login page has changed. Please contact us at: <a href=\"https:\/\/login.masterbase.com\/\" rel=\"nofollow\">https:\/\/login.masterbase.com\/<\/a><\/p>","protected":false},"author":239642484,"featured_media":0,"parent":7462,"menu_order":101,"comment_status":"closed","ping_status":"closed","template":"","meta":{"_crdt_document":"","jetpack_post_was_ever_published":false,"footnotes":""},"class_list":["post-3684","page","type-page","status-publish","hentry"],"yoast_head":"<!-- This site is optimized with the Yoast SEO plugin v27.3 - https:\/\/yoast.com\/product\/yoast-seo-wordpress\/ -->\n<title>P\u00e1gina acceso MasterBase cambiado. - MasterBase\u00ae<\/title>\n<meta name=\"description\" content=\"Esta p\u00e1gina de acceso ha cambiado. Favor dirigirse a:\" \/>\n<meta name=\"robots\" content=\"index, follow, max-snippet:-1, max-image-preview:large, max-video-preview:-1\" \/>\n<link rel=\"canonical\" href=\"https:\/\/masterbase.com\/en\/mb\/login\/\" \/>\n<meta property=\"og:locale\" content=\"en_US\" \/>\n<meta property=\"og:type\" content=\"article\" \/>\n<meta property=\"og:title\" content=\"P\u00e1gina acceso MasterBase cambiado. - MasterBase\u00ae\" \/>\n<meta property=\"og:description\" content=\"Esta p\u00e1gina de acceso ha cambiado. Favor dirigirse a:\" \/>\n<meta property=\"og:url\" content=\"https:\/\/masterbase.com\/en\/mb\/login\/\" \/>\n<meta property=\"og:site_name\" content=\"MasterBase\u00ae\" \/>\n<meta property=\"article:modified_time\" content=\"2025-07-29T15:51:42+00:00\" \/>\n<meta name=\"twitter:card\" content=\"summary_large_image\" \/>\n<meta name=\"twitter:label1\" content=\"Est. reading time\" \/>\n\t<meta name=\"twitter:data1\" content=\"1 minute\" \/>\n<script type=\"application\/ld+json\" class=\"yoast-schema-graph\">{\"@context\":\"https:\\\/\\\/schema.org\",\"@graph\":[{\"@type\":\"WebPage\",\"@id\":\"https:\\\/\\\/masterbase.com\\\/ru\\\/%d0%bc%d0%b1\\\/login\\\/\",\"url\":\"https:\\\/\\\/masterbase.com\\\/ru\\\/%d0%bc%d0%b1\\\/login\\\/\",\"name\":\"P\u00e1gina acceso MasterBase cambiado. - MasterBase\u00ae\",\"isPartOf\":{\"@id\":\"https:\\\/\\\/masterbase.com\\\/pt\\\/#website\"},\"datePublished\":\"2023-11-03T17:32:44+00:00\",\"dateModified\":\"2025-07-29T15:51:42+00:00\",\"description\":\"Esta p\u00e1gina de acceso ha cambiado. Favor dirigirse a:\",\"breadcrumb\":{\"@id\":\"https:\\\/\\\/masterbase.com\\\/ru\\\/%d0%bc%d0%b1\\\/login\\\/#breadcrumb\"},\"inLanguage\":\"en-US\",\"potentialAction\":[{\"@type\":\"ReadAction\",\"target\":[\"https:\\\/\\\/masterbase.com\\\/ru\\\/%d0%bc%d0%b1\\\/login\\\/\"]}]},{\"@type\":\"BreadcrumbList\",\"@id\":\"https:\\\/\\\/masterbase.com\\\/ru\\\/%d0%bc%d0%b1\\\/login\\\/#breadcrumb\",\"itemListElement\":[{\"@type\":\"ListItem\",\"position\":1,\"name\":\"Portada\",\"item\":\"https:\\\/\\\/masterbase.com\\\/sk\\\/\"},{\"@type\":\"ListItem\",\"position\":2,\"name\":\"MasterBase\u00ae Aut\u00f3matas que trabajan para ti\",\"item\":\"https:\\\/\\\/masterbase.com\\\/sk\\\/\"},{\"@type\":\"ListItem\",\"position\":3,\"name\":\"P\u00e1gina acceso MasterBase cambiado.\"}]},{\"@type\":\"WebSite\",\"@id\":\"https:\\\/\\\/masterbase.com\\\/pt\\\/#website\",\"url\":\"https:\\\/\\\/masterbase.com\\\/pt\\\/\",\"name\":\"MasterBase\u00ae\",\"description\":\"Automatas that work for you\",\"publisher\":{\"@id\":\"https:\\\/\\\/masterbase.com\\\/pt\\\/#organization\"},\"potentialAction\":[{\"@type\":\"SearchAction\",\"target\":{\"@type\":\"EntryPoint\",\"urlTemplate\":\"https:\\\/\\\/masterbase.com\\\/pt\\\/?s={search_term_string}\"},\"query-input\":{\"@type\":\"PropertyValueSpecification\",\"valueRequired\":true,\"valueName\":\"search_term_string\"}}],\"inLanguage\":\"en-US\"},{\"@type\":\"Organization\",\"@id\":\"https:\\\/\\\/masterbase.com\\\/pt\\\/#organization\",\"name\":\"MasterBase\u00ae\",\"url\":\"https:\\\/\\\/masterbase.com\\\/pt\\\/\",\"logo\":{\"@type\":\"ImageObject\",\"inLanguage\":\"en-US\",\"@id\":\"https:\\\/\\\/masterbase.com\\\/pt\\\/#\\\/schema\\\/logo\\\/image\\\/\",\"url\":\"https:\\\/\\\/i0.wp.com\\\/masterbase.com\\\/wp-content\\\/uploads\\\/2023\\\/09\\\/BLANCO-Logo-Futuravix-ESP-202510.2.png?fit=500%2C500&ssl=1\",\"contentUrl\":\"https:\\\/\\\/i0.wp.com\\\/masterbase.com\\\/wp-content\\\/uploads\\\/2023\\\/09\\\/BLANCO-Logo-Futuravix-ESP-202510.2.png?fit=500%2C500&ssl=1\",\"width\":500,\"height\":500,\"caption\":\"MasterBase\u00ae\"},\"image\":{\"@id\":\"https:\\\/\\\/masterbase.com\\\/pt\\\/#\\\/schema\\\/logo\\\/image\\\/\"}}]}<\/script>\n<!-- \/ Yoast SEO plugin. -->","yoast_head_json":{"title":"Access page MasterBase changed. - MasterBase\u00ae CHANGED","description":"This login page has changed. Please contact us at:","robots":{"index":"index","follow":"follow","max-snippet":"max-snippet:-1","max-image-preview":"max-image-preview:large","max-video-preview":"max-video-preview:-1"},"canonical":"https:\/\/masterbase.com\/en\/mb\/login\/","og_locale":"en_US","og_type":"article","og_title":"P\u00e1gina acceso MasterBase cambiado. - MasterBase\u00ae","og_description":"Esta p\u00e1gina de acceso ha cambiado. Favor dirigirse a:","og_url":"https:\/\/masterbase.com\/en\/mb\/login\/","og_site_name":"MasterBase\u00ae","article_modified_time":"2025-07-29T15:51:42+00:00","twitter_card":"summary_large_image","twitter_misc":{"Est. reading time":"1 minute"},"schema":{"@context":"https:\/\/schema.org","@graph":[{"@type":"WebPage","@id":"https:\/\/masterbase.com\/ru\/%d0%bc%d0%b1\/login\/","url":"https:\/\/masterbase.com\/ru\/%d0%bc%d0%b1\/login\/","name":"Access page MasterBase changed. - MasterBase\u00ae CHANGED","isPartOf":{"@id":"https:\/\/masterbase.com\/pt\/#website"},"datePublished":"2023-11-03T17:32:44+00:00","dateModified":"2025-07-29T15:51:42+00:00","description":"This login page has changed. Please contact us at:","breadcrumb":{"@id":"https:\/\/masterbase.com\/ru\/%d0%bc%d0%b1\/login\/#breadcrumb"},"inLanguage":"en-US","potentialAction":[{"@type":"ReadAction","target":["https:\/\/masterbase.com\/ru\/%d0%bc%d0%b1\/login\/"]}]},{"@type":"BreadcrumbList","@id":"https:\/\/masterbase.com\/ru\/%d0%bc%d0%b1\/login\/#breadcrumb","itemListElement":[{"@type":"ListItem","position":1,"name":"Portada","item":"https:\/\/masterbase.com\/sk\/"},{"@type":"ListItem","position":2,"name":"MasterBase\u00ae Aut\u00f3matas que trabajan para ti","item":"https:\/\/masterbase.com\/sk\/"},{"@type":"ListItem","position":3,"name":"P\u00e1gina acceso MasterBase cambiado."}]},{"@type":"WebSite","@id":"https:\/\/masterbase.com\/pt\/#website","url":"https:\/\/masterbase.com\/pt\/","name":"MasterBase\u00ae","description":"Automatas that work for you","publisher":{"@id":"https:\/\/masterbase.com\/pt\/#organization"},"potentialAction":[{"@type":"SearchAction","target":{"@type":"EntryPoint","urlTemplate":"https:\/\/masterbase.com\/pt\/?s={search_term_string}"},"query-input":{"@type":"PropertyValueSpecification","valueRequired":true,"valueName":"search_term_string"}}],"inLanguage":"en-US"},{"@type":"Organization","@id":"https:\/\/masterbase.com\/pt\/#organization","name":"MasterBase\u00ae","url":"https:\/\/masterbase.com\/pt\/","logo":{"@type":"ImageObject","inLanguage":"en-US","@id":"https:\/\/masterbase.com\/pt\/#\/schema\/logo\/image\/","url":"https:\/\/i0.wp.com\/masterbase.com\/wp-content\/uploads\/2023\/09\/BLANCO-Logo-Futuravix-ESP-202510.2.png?fit=500%2C500&ssl=1","contentUrl":"https:\/\/i0.wp.com\/masterbase.com\/wp-content\/uploads\/2023\/09\/BLANCO-Logo-Futuravix-ESP-202510.2.png?fit=500%2C500&ssl=1","width":500,"height":500,"caption":"MasterBase\u00ae"},"image":{"@id":"https:\/\/masterbase.com\/pt\/#\/schema\/logo\/image\/"}}]}},"jetpack_likes_enabled":false,"jetpack_sharing_enabled":true,"jetpack_shortlink":"https:\/\/wp.me\/Pf6Ilf-Xq","jetpack-related-posts":[{"id":10036,"url":"https:\/\/masterbase.com\/en\/mb\/privacidad\/cookies\/","url_meta":{"origin":3684,"position":0},"title":"Cookies","author":"Alejandro Dur\u00e1n","date":"February 12, 2024","format":false,"excerpt":"Declaraci\u00f3n de Cookies Conoce la declaraci\u00f3n de cookies de MasterBase\u00ae\u00a0 Contacta a un ejecutivo Declaraci\u00f3n de Cookies Conoce la declaraci\u00f3n de cookies de MasterBase\u00ae\u00a0 Contacta un ejecutivo Declaraci\u00f3n sobre las cookies Introducci\u00f3n En MasterBase\u00ae nos comprometemos a garantizar la privacidad y la protecci\u00f3n de losdatos personales de nuestros usuarios.Nuestro sitio\u2026","rel":"","context":"Similar post","block_context":{"text":"Similar post","link":""},"img":{"alt_text":"Play Video","src":"https:\/\/i0.wp.com\/masterbase.com\/es\/wp-content\/uploads\/2023\/09\/video_overall_theme01.png?resize=350%2C200&ssl=1","width":350,"height":200,"srcset":"https:\/\/i0.wp.com\/masterbase.com\/es\/wp-content\/uploads\/2023\/09\/video_overall_theme01.png?resize=350%2C200&ssl=1 1x, https:\/\/i0.wp.com\/masterbase.com\/es\/wp-content\/uploads\/2023\/09\/video_overall_theme01.png?resize=525%2C300&ssl=1 1.5x, https:\/\/i0.wp.com\/masterbase.com\/es\/wp-content\/uploads\/2023\/09\/video_overall_theme01.png?resize=700%2C400&ssl=1 2x"},"classes":[]},{"id":1642,"url":"https:\/\/masterbase.com\/en\/mb\/privacidad\/privacidad-espana\/","url_meta":{"origin":3684,"position":1},"title":"Privacy MasterBase Spain","author":"Alejandro Dur\u00e1n","date":"October 4, 2023","format":false,"excerpt":"Pol\u00edtica de privacidad Uni\u00f3n Europea MasterBase\u00ae Contacta a un ejecutivo Crea soluciones MasterBase\u00ae Contacta un ejecutivo Condiciones especiales de la Pol\u00edtica de privacidad Uni\u00f3n Europea MasterBase\u00ae OU, en cumplimiento con lo establecido en la legislaci\u00f3n espa\u00f1ola, adopta la siguiente pol\u00edtica de uso de dispositivos de almacenamiento y recuperaci\u00f3n de datos\u2026","rel":"","context":"Similar post","block_context":{"text":"Similar post","link":""},"img":{"alt_text":"Video purple","src":"https:\/\/i0.wp.com\/masterbase.com\/es\/es\/wp-content\/uploads\/2023\/09\/video_overall_theme01.png?resize=350%2C200&ssl=1","width":350,"height":200,"srcset":"https:\/\/i0.wp.com\/masterbase.com\/es\/es\/wp-content\/uploads\/2023\/09\/video_overall_theme01.png?resize=350%2C200&ssl=1 1x, https:\/\/i0.wp.com\/masterbase.com\/es\/es\/wp-content\/uploads\/2023\/09\/video_overall_theme01.png?resize=525%2C300&ssl=1 1.5x, https:\/\/i0.wp.com\/masterbase.com\/es\/es\/wp-content\/uploads\/2023\/09\/video_overall_theme01.png?resize=700%2C400&ssl=1 2x"},"classes":[]},{"id":1629,"url":"https:\/\/masterbase.com\/en\/mb\/privacidad\/privacidad-general\/","url_meta":{"origin":3684,"position":2},"title":"Privacy MasterBase General","author":"Alejandro Dur\u00e1n","date":"October 4, 2023","format":false,"excerpt":"Pol\u00edtica de privacidad general MasterBase\u00ae Contacta a un ejecutivo Pol\u00edtica de privacidad general MasterBase\u00ae Contacta un ejecutivo La base de nuestro \u00e9xito ha sido la confianza. Respetamos su privacidad. En MasterBase\u00ae, la privacidad es un tema relevante. Estamos enfocados en el establecimiento de una relaci\u00f3n de confianza con nuestros clientes\u2026","rel":"","context":"Similar post","block_context":{"text":"Similar post","link":""},"img":{"alt_text":"Play Video","src":"https:\/\/i0.wp.com\/masterbase.com\/wp-content\/uploads\/2023\/09\/video_overall_theme01.png?resize=350%2C200&ssl=1","width":350,"height":200,"srcset":"https:\/\/i0.wp.com\/masterbase.com\/wp-content\/uploads\/2023\/09\/video_overall_theme01.png?resize=350%2C200&ssl=1 1x, https:\/\/i0.wp.com\/masterbase.com\/wp-content\/uploads\/2023\/09\/video_overall_theme01.png?resize=525%2C300&ssl=1 1.5x, https:\/\/i0.wp.com\/masterbase.com\/wp-content\/uploads\/2023\/09\/video_overall_theme01.png?resize=700%2C400&ssl=1 2x"},"classes":[]},{"id":2241,"url":"https:\/\/masterbase.com\/en\/preguntas-frecuentes\/preguntas-frecuentes-masterbase\/","url_meta":{"origin":3684,"position":3},"title":"FAQ of MasterBase","author":"Alejandro Dur\u00e1n","date":"October 13, 2023","format":false,"excerpt":"Preguntas frecuentes sobre MasterBase\u00ae Aqu\u00ed respondemos tus dudas Contacta a un ejecutivo Preguntas frecuentes sobre MasterBase\u00ae Aqu\u00ed respondemos tus dudas Contacta un ejecutivo MasterBase\u00ae \u00bfQu\u00e9 es MasterBase\u00ae? MasterBase\u00ae es una empresa tecnol\u00f3gica con una avanzada plataforma de automatizaci\u00f3n que, gracias al configware, permite a las empresas obtener o crear soluciones\u2026","rel":"","context":"Similar post","block_context":{"text":"Similar post","link":""},"img":{"alt_text":"Play Azul","src":"https:\/\/i0.wp.com\/masterbase.com\/es\/wp-content\/uploads\/2025\/01\/play-01-comb3.png?resize=350%2C200&ssl=1","width":350,"height":200},"classes":[]},{"id":1383,"url":"https:\/\/masterbase.com\/en\/mb\/crea-soluciones\/configware\/","url_meta":{"origin":3684,"position":4},"title":"Create with Configware","author":"Alejandro Dur\u00e1n","date":"October 3, 2023","format":false,"excerpt":"Crea soluciones con Configware Bienvenido al Configware.Automatiza procesos en forma \u00e1gil y flexible Contacta a un ejecutivo Crea soluciones con Configware Bienvenido al Configware.Automatiza procesos en forma \u00e1gil y flexible Contacta un ejecutivo Crea soluciones con Configware Crea soluciones de forma r\u00e1pida y simple sin necesidad de ser un experto\u2026","rel":"","context":"Similar post","block_context":{"text":"Similar post","link":""},"img":{"alt_text":"play-rojo","src":"https:\/\/i0.wp.com\/masterbase.com\/es\/wp-content\/uploads\/2024\/12\/play-rojo.png?resize=350%2C200&ssl=1","width":350,"height":200},"classes":[]},{"id":1670,"url":"https:\/\/masterbase.com\/en\/mb\/privacidad\/privacidad-colombia\/","url_meta":{"origin":3684,"position":5},"title":"Privacy MasterBase Colombia","author":"Alejandro Dur\u00e1n","date":"October 4, 2023","format":false,"excerpt":"Pol\u00edtica de privacidad Colombia MasterBase\u00ae Contacta un ejecutivo Pol\u00edtica de privacidad Colombia MasterBase\u00ae Contacta un ejecutivo Condiciones especiales de la Pol\u00edtica de privacidad Colombia MasterBase\u00ae Colombia, comprometida con el respeto a los derechose de sus clientes, empleados y terceros enn general, adopta la siguiente pol\u00edtica de tratamiento de datos personales,\u2026","rel":"","context":"Similar post","block_context":{"text":"Similar post","link":""},"img":{"alt_text":"Play Video","src":"https:\/\/i0.wp.com\/masterbase.com\/wp-content\/uploads\/2023\/09\/video_overall_theme01.png?resize=350%2C200&ssl=1","width":350,"height":200,"srcset":"https:\/\/i0.wp.com\/masterbase.com\/wp-content\/uploads\/2023\/09\/video_overall_theme01.png?resize=350%2C200&ssl=1 1x, https:\/\/i0.wp.com\/masterbase.com\/wp-content\/uploads\/2023\/09\/video_overall_theme01.png?resize=525%2C300&ssl=1 1.5x, https:\/\/i0.wp.com\/masterbase.com\/wp-content\/uploads\/2023\/09\/video_overall_theme01.png?resize=700%2C400&ssl=1 2x"},"classes":[]}],"_links":{"self":[{"href":"https:\/\/masterbase.com\/en\/wp-json\/wp\/v2\/pages\/3684","targetHints":{"allow":["GET"]}}],"collection":[{"href":"https:\/\/masterbase.com\/en\/wp-json\/wp\/v2\/pages"}],"about":[{"href":"https:\/\/masterbase.com\/en\/wp-json\/wp\/v2\/types\/page"}],"author":[{"embeddable":true,"href":"https:\/\/masterbase.com\/en\/wp-json\/wp\/v2\/users\/239642484"}],"replies":[{"embeddable":true,"href":"https:\/\/masterbase.com\/en\/wp-json\/wp\/v2\/comments?post=3684"}],"version-history":[{"count":49,"href":"https:\/\/masterbase.com\/en\/wp-json\/wp\/v2\/pages\/3684\/revisions"}],"predecessor-version":[{"id":22953,"href":"https:\/\/masterbase.com\/en\/wp-json\/wp\/v2\/pages\/3684\/revisions\/22953"}],"up":[{"embeddable":true,"href":"https:\/\/masterbase.com\/en\/wp-json\/wp\/v2\/pages\/7462"}],"wp:attachment":[{"href":"https:\/\/masterbase.com\/en\/wp-json\/wp\/v2\/media?parent=3684"}],"curies":[{"name":"wp","href":"https:\/\/api.w.org\/{rel}","templated":true}]}}