{"id":27802,"date":"2026-03-02T22:05:34","date_gmt":"2026-03-02T20:05:34","guid":{"rendered":"https:\/\/masterbase.com\/es\/?page_id=27802"},"modified":"2026-03-02T22:05:37","modified_gmt":"2026-03-02T20:05:37","slug":"mb-sector-servicios-financieros","status":"publish","type":"page","link":"https:\/\/masterbase.com\/de\/mb-sector-servicios-financieros\/","title":{"rendered":"MB Sector Servicios financieros"},"content":{"rendered":"","protected":false},"excerpt":{"rendered":"","protected":false},"author":239642484,"featured_media":0,"parent":0,"menu_order":0,"comment_status":"closed","ping_status":"closed","template":"","meta":{"_crdt_document":"","jetpack_post_was_ever_published":false,"footnotes":""},"class_list":["post-27802","page","type-page","status-publish","hentry"],"yoast_head":"<!-- This site is optimized with the Yoast SEO plugin v27.3 - https:\/\/yoast.com\/product\/yoast-seo-wordpress\/ -->\n<title>MB Sector Servicios financieros - MasterBase\u00ae<\/title>\n<meta name=\"robots\" content=\"index, follow, max-snippet:-1, max-image-preview:large, max-video-preview:-1\" \/>\n<link rel=\"canonical\" href=\"https:\/\/masterbase.com\/de\/mb-sector-servicios-financieros\/\" \/>\n<meta property=\"og:locale\" content=\"de_DE\" \/>\n<meta property=\"og:type\" content=\"article\" \/>\n<meta property=\"og:title\" content=\"MB Sector Servicios financieros - MasterBase\u00ae\" \/>\n<meta property=\"og:url\" content=\"https:\/\/masterbase.com\/de\/mb-sector-servicios-financieros\/\" \/>\n<meta property=\"og:site_name\" content=\"MasterBase\u00ae\" \/>\n<meta property=\"article:modified_time\" content=\"2026-03-02T20:05:37+00:00\" \/>\n<meta name=\"twitter:card\" content=\"summary_large_image\" \/>\n<script type=\"application\/ld+json\" class=\"yoast-schema-graph\">{\"@context\":\"https:\\\/\\\/schema.org\",\"@graph\":[{\"@type\":\"WebPage\",\"@id\":\"https:\\\/\\\/masterbase.com\\\/fr\\\/mb-sector-servicios-financieros\\\/\",\"url\":\"https:\\\/\\\/masterbase.com\\\/fr\\\/mb-sector-servicios-financieros\\\/\",\"name\":\"MB Sector Servicios financieros - MasterBase\u00ae\",\"isPartOf\":{\"@id\":\"https:\\\/\\\/masterbase.com\\\/es\\\/#website\"},\"datePublished\":\"2026-03-02T20:05:34+00:00\",\"dateModified\":\"2026-03-02T20:05:37+00:00\",\"breadcrumb\":{\"@id\":\"https:\\\/\\\/masterbase.com\\\/fr\\\/mb-sector-servicios-financieros\\\/#breadcrumb\"},\"inLanguage\":\"de\",\"potentialAction\":[{\"@type\":\"ReadAction\",\"target\":[\"https:\\\/\\\/masterbase.com\\\/fr\\\/mb-sector-servicios-financieros\\\/\"]}]},{\"@type\":\"BreadcrumbList\",\"@id\":\"https:\\\/\\\/masterbase.com\\\/fr\\\/mb-sector-servicios-financieros\\\/#breadcrumb\",\"itemListElement\":[{\"@type\":\"ListItem\",\"position\":1,\"name\":\"Portada\",\"item\":\"https:\\\/\\\/masterbase.com\\\/bg\\\/\"},{\"@type\":\"ListItem\",\"position\":2,\"name\":\"MB Sector Servicios financieros\"}]},{\"@type\":\"WebSite\",\"@id\":\"https:\\\/\\\/masterbase.com\\\/es\\\/#website\",\"url\":\"https:\\\/\\\/masterbase.com\\\/es\\\/\",\"name\":\"MasterBase\u00ae\",\"description\":\"Automatas that work for you\",\"publisher\":{\"@id\":\"https:\\\/\\\/masterbase.com\\\/es\\\/#organization\"},\"potentialAction\":[{\"@type\":\"SearchAction\",\"target\":{\"@type\":\"EntryPoint\",\"urlTemplate\":\"https:\\\/\\\/masterbase.com\\\/es\\\/?s={search_term_string}\"},\"query-input\":{\"@type\":\"PropertyValueSpecification\",\"valueRequired\":true,\"valueName\":\"search_term_string\"}}],\"inLanguage\":\"de\"},{\"@type\":\"Organization\",\"@id\":\"https:\\\/\\\/masterbase.com\\\/es\\\/#organization\",\"name\":\"MasterBase\u00ae\",\"url\":\"https:\\\/\\\/masterbase.com\\\/es\\\/\",\"logo\":{\"@type\":\"ImageObject\",\"inLanguage\":\"de\",\"@id\":\"https:\\\/\\\/masterbase.com\\\/es\\\/#\\\/schema\\\/logo\\\/image\\\/\",\"url\":\"https:\\\/\\\/i0.wp.com\\\/masterbase.com\\\/wp-content\\\/uploads\\\/2023\\\/09\\\/BLANCO-Logo-Futuravix-ESP-202510.2.png?fit=500%2C500&ssl=1\",\"contentUrl\":\"https:\\\/\\\/i0.wp.com\\\/masterbase.com\\\/wp-content\\\/uploads\\\/2023\\\/09\\\/BLANCO-Logo-Futuravix-ESP-202510.2.png?fit=500%2C500&ssl=1\",\"width\":500,\"height\":500,\"caption\":\"MasterBase\u00ae\"},\"image\":{\"@id\":\"https:\\\/\\\/masterbase.com\\\/es\\\/#\\\/schema\\\/logo\\\/image\\\/\"}}]}<\/script>\n<!-- \/ Yoast SEO plugin. -->","yoast_head_json":{"title":"MB Sector Servicios financieros - MasterBase\u00ae","robots":{"index":"index","follow":"follow","max-snippet":"max-snippet:-1","max-image-preview":"max-image-preview:large","max-video-preview":"max-video-preview:-1"},"canonical":"https:\/\/masterbase.com\/de\/mb-sector-servicios-financieros\/","og_locale":"de_DE","og_type":"article","og_title":"MB Sector Servicios financieros - MasterBase\u00ae","og_url":"https:\/\/masterbase.com\/de\/mb-sector-servicios-financieros\/","og_site_name":"MasterBase\u00ae","article_modified_time":"2026-03-02T20:05:37+00:00","twitter_card":"summary_large_image","schema":{"@context":"https:\/\/schema.org","@graph":[{"@type":"WebPage","@id":"https:\/\/masterbase.com\/fr\/mb-sector-servicios-financieros\/","url":"https:\/\/masterbase.com\/fr\/mb-sector-servicios-financieros\/","name":"MB Sector Servicios financieros - MasterBase\u00ae","isPartOf":{"@id":"https:\/\/masterbase.com\/es\/#website"},"datePublished":"2026-03-02T20:05:34+00:00","dateModified":"2026-03-02T20:05:37+00:00","breadcrumb":{"@id":"https:\/\/masterbase.com\/fr\/mb-sector-servicios-financieros\/#breadcrumb"},"inLanguage":"de","potentialAction":[{"@type":"ReadAction","target":["https:\/\/masterbase.com\/fr\/mb-sector-servicios-financieros\/"]}]},{"@type":"BreadcrumbList","@id":"https:\/\/masterbase.com\/fr\/mb-sector-servicios-financieros\/#breadcrumb","itemListElement":[{"@type":"ListItem","position":1,"name":"Portada","item":"https:\/\/masterbase.com\/bg\/"},{"@type":"ListItem","position":2,"name":"MB Sector Servicios financieros"}]},{"@type":"WebSite","@id":"https:\/\/masterbase.com\/es\/#website","url":"https:\/\/masterbase.com\/es\/","name":"MasterBase\u00ae.","description":"Automaten, die f\u00fcr Sie arbeiten","publisher":{"@id":"https:\/\/masterbase.com\/es\/#organization"},"potentialAction":[{"@type":"SearchAction","target":{"@type":"EntryPoint","urlTemplate":"https:\/\/masterbase.com\/es\/?s={search_term_string}"},"query-input":{"@type":"PropertyValueSpecification","valueRequired":true,"valueName":"search_term_string"}}],"inLanguage":"de"},{"@type":"Organization","@id":"https:\/\/masterbase.com\/es\/#organization","name":"MasterBase\u00ae.","url":"https:\/\/masterbase.com\/es\/","logo":{"@type":"ImageObject","inLanguage":"de","@id":"https:\/\/masterbase.com\/es\/#\/schema\/logo\/image\/","url":"https:\/\/i0.wp.com\/masterbase.com\/wp-content\/uploads\/2023\/09\/BLANCO-Logo-Futuravix-ESP-202510.2.png?fit=500%2C500&ssl=1","contentUrl":"https:\/\/i0.wp.com\/masterbase.com\/wp-content\/uploads\/2023\/09\/BLANCO-Logo-Futuravix-ESP-202510.2.png?fit=500%2C500&ssl=1","width":500,"height":500,"caption":"MasterBase\u00ae"},"image":{"@id":"https:\/\/masterbase.com\/es\/#\/schema\/logo\/image\/"}}]}},"jetpack_likes_enabled":false,"jetpack_sharing_enabled":true,"jetpack_shortlink":"https:\/\/wp.me\/Pf6Ilf-7eq","jetpack-related-posts":[{"id":24282,"url":"https:\/\/masterbase.com\/de\/mb\/futuravix\/","url_meta":{"origin":27802,"position":0},"title":"Futuravix","author":"Alejandro Dur\u00e1n","date":"Oktober 22, 2025","format":false,"excerpt":"FuturaVix de MasterBase\u00ae FuturaVix\u00ae es un grupo empresarial vers\u00e1til, creado como una organizaci\u00f3n ficticia para MasterBase\u00ae, que sirve como una plataforma de demostraci\u00f3n. Abarca nichos que van desde la hospitalidad y la educaci\u00f3n hasta la salud, el entretenimiento, el comercio minorista y las finanzas, cada uno contribuyendo a su identidad\u2026","rel":"","context":"\u00c4hnlicher Beitrag","block_context":{"text":"\u00c4hnlicher Beitrag","link":""},"img":{"alt_text":"Futuravix Grf","src":"https:\/\/i0.wp.com\/masterbase.com\/es\/wp-content\/uploads\/2025\/10\/Futuravix-Grf.png?resize=350%2C200&ssl=1","width":350,"height":200},"classes":[]},{"id":21667,"url":"https:\/\/masterbase.com\/de\/mb\/compliance\/","url_meta":{"origin":27802,"position":1},"title":"Einhaltung der Vorschriften","author":"Alejandro Dur\u00e1n","date":"M\u00e4rz 13, 2025","format":false,"excerpt":"Compliance En un mundo donde los datos y la automatizaci\u00f3n impulsan las empresas, la seguridad es nuestra prioridad.\u00a0 Security compliance\u200b En un mundo donde los datos y la automatizaci\u00f3n impulsan las empresas, la seguridad es nuestra prioridad. En MasterBase, garantizamos una gesti\u00f3n segura, confiable y eficiente, asegurando que cada proceso\u2026","rel":"","context":"\u00c4hnlicher Beitrag","block_context":{"text":"\u00c4hnlicher Beitrag","link":""},"img":{"alt_text":"Play Morado","src":"https:\/\/i0.wp.com\/masterbase.com\/es\/es\/wp-content\/uploads\/2025\/01\/play-01-comb1-1.png?resize=350%2C200&ssl=1","width":350,"height":200},"classes":[]},{"id":27804,"url":"https:\/\/masterbase.com\/de\/mb-sector-seguros\/","url_meta":{"origin":27802,"position":2},"title":"MB Sector Seguros","author":"Alejandro Dur\u00e1n","date":"M\u00e4rz 2, 2026","format":false,"excerpt":"","rel":"","context":"\u00c4hnlicher Beitrag","block_context":{"text":"\u00c4hnlicher Beitrag","link":""},"img":{"alt_text":"","src":"","width":0,"height":0},"classes":[]},{"id":27808,"url":"https:\/\/masterbase.com\/de\/mb-sector-salud\/","url_meta":{"origin":27802,"position":3},"title":"MB Sector Salud","author":"Alejandro Dur\u00e1n","date":"M\u00e4rz 2, 2026","format":false,"excerpt":"","rel":"","context":"\u00c4hnlicher Beitrag","block_context":{"text":"\u00c4hnlicher Beitrag","link":""},"img":{"alt_text":"","src":"","width":0,"height":0},"classes":[]},{"id":27810,"url":"https:\/\/masterbase.com\/de\/mb-sector-retail\/","url_meta":{"origin":27802,"position":4},"title":"MB Sector Retail","author":"Alejandro Dur\u00e1n","date":"M\u00e4rz 2, 2026","format":false,"excerpt":"","rel":"","context":"\u00c4hnlicher Beitrag","block_context":{"text":"\u00c4hnlicher Beitrag","link":""},"img":{"alt_text":"","src":"","width":0,"height":0},"classes":[]},{"id":10943,"url":"https:\/\/masterbase.com\/de\/mb\/portal_clientes\/administracion\/","url_meta":{"origin":27802,"position":5},"title":"Kundenportal-Verwaltung MasterBase","author":"Alejandro Dur\u00e1n","date":"Februar 27, 2024","format":false,"excerpt":"Administraci\u00f3n Nos encargamos de la administraci\u00f3n de tu cuenta Solicitar Administraci\u00f3n Administraci\u00f3n Nos encargamos de la administraci\u00f3n de tu cuenta\u00a0 Solicitar Administraci\u00f3n Delega en nosotros la administraci\u00f3n de tu cuenta. Si no dispones de recursos humanos o tiempo suficiente para gestionar nuestras aplicaciones o simplemente prefieres dejar tu email marketing\u2026","rel":"","context":"\u00c4hnlicher Beitrag","block_context":{"text":"\u00c4hnlicher Beitrag","link":""},"img":{"alt_text":"Play Video","src":"https:\/\/i0.wp.com\/masterbase.com\/wp-content\/uploads\/2023\/09\/video_overall_theme01.png?resize=350%2C200&ssl=1","width":350,"height":200,"srcset":"https:\/\/i0.wp.com\/masterbase.com\/wp-content\/uploads\/2023\/09\/video_overall_theme01.png?resize=350%2C200&ssl=1 1x, https:\/\/i0.wp.com\/masterbase.com\/wp-content\/uploads\/2023\/09\/video_overall_theme01.png?resize=525%2C300&ssl=1 1.5x, https:\/\/i0.wp.com\/masterbase.com\/wp-content\/uploads\/2023\/09\/video_overall_theme01.png?resize=700%2C400&ssl=1 2x"},"classes":[]}],"_links":{"self":[{"href":"https:\/\/masterbase.com\/de\/wp-json\/wp\/v2\/pages\/27802","targetHints":{"allow":["GET"]}}],"collection":[{"href":"https:\/\/masterbase.com\/de\/wp-json\/wp\/v2\/pages"}],"about":[{"href":"https:\/\/masterbase.com\/de\/wp-json\/wp\/v2\/types\/page"}],"author":[{"embeddable":true,"href":"https:\/\/masterbase.com\/de\/wp-json\/wp\/v2\/users\/239642484"}],"replies":[{"embeddable":true,"href":"https:\/\/masterbase.com\/de\/wp-json\/wp\/v2\/comments?post=27802"}],"version-history":[{"count":1,"href":"https:\/\/masterbase.com\/de\/wp-json\/wp\/v2\/pages\/27802\/revisions"}],"predecessor-version":[{"id":27803,"href":"https:\/\/masterbase.com\/de\/wp-json\/wp\/v2\/pages\/27802\/revisions\/27803"}],"wp:attachment":[{"href":"https:\/\/masterbase.com\/de\/wp-json\/wp\/v2\/media?parent=27802"}],"curies":[{"name":"wp","href":"https:\/\/api.w.org\/{rel}","templated":true}]}}